{"id":198,"date":"2017-08-01T09:00:06","date_gmt":"2017-08-01T07:00:06","guid":{"rendered":"http:\/\/rushmore.wpcolorlab.com\/?page_id=198"},"modified":"2023-10-03T10:10:31","modified_gmt":"2023-10-03T08:10:31","slug":"people","status":"publish","type":"page","link":"https:\/\/creg.i3a.es\/es\/people\/","title":{"rendered":"Investigadores"},"content":{"rendered":"<div id=\"pl-gb198-69dddcb0a90de\"  class=\"panel-layout\" ><div id=\"pg-gb198-69dddcb0a90de-0\"  class=\"panel-grid panel-has-style\" ><div class=\"siteorigin-panels-stretch panel-row-style panel-row-style-for-gb198-69dddcb0a90de-0\" data-stretch-type=\"full-width-stretch\" ><div id=\"pgc-gb198-69dddcb0a90de-0-0\"  class=\"panel-grid-cell\" ><div id=\"panel-gb198-69dddcb0a90de-0-0-0\" class=\"so-panel widget widget_sow-hero panel-first-child panel-last-child\" data-index=\"0\" ><div\n\t\t\t\n\t\t\tclass=\"so-widget-sow-hero so-widget-sow-hero-default-277c047652f8-198 so-widget-fittext-wrapper\"\n\t\t\t data-fit-text-compressor=\"0.85\"\n\t\t>\t\t\t\t<div class=\"sow-slider-base\" style=\"display: none\" tabindex=\"0\">\n\t\t\t\t\t<ul\n\t\t\t\t\tclass=\"sow-slider-images\"\n\t\t\t\t\tdata-settings=\"{&quot;pagination&quot;:true,&quot;speed&quot;:800,&quot;timeout&quot;:8000,&quot;paused&quot;:false,&quot;pause_on_hover&quot;:false,&quot;swipe&quot;:true,&quot;nav_always_show_desktop&quot;:&quot;&quot;,&quot;nav_always_show_mobile&quot;:&quot;&quot;,&quot;breakpoint&quot;:&quot;780px&quot;,&quot;unmute&quot;:false,&quot;anchor&quot;:null}\"\n\t\t\t\t\t\t\t\t\t\tdata-anchor-id=\"\"\n\t\t\t\t>\t\t<li class=\"sow-slider-image  sow-slider-image-cover\" style=\"visibility: visible;;background-color: #333333\" >\n\t\t\t\t\t<div class=\"sow-slider-image-container\">\n\t\t\t<div class=\"sow-slider-image-wrapper\">\n\t\t\t\t<h1 class=\"entry-title\" style=\"text-align: center\"><strong>Investigadores<\/strong><\/h1>\t\t\t<\/div>\n\t\t<\/div>\n\t\t<div class=\"sow-slider-image-overlay sow-slider-image-cover\" style=\"opacity: 0.5;background-image: url(https:\/\/creg.i3a.es\/wp-content\/uploads\/2020\/08\/equipo.jpg)\"  ><\/div>\t\t<\/li>\n\t\t<\/ul>\t\t\t\t<ol class=\"sow-slider-pagination\">\n\t\t\t\t\t\t\t\t\t\t\t<li><a href=\"#\" data-goto=\"0\" aria-label=\"mostrar diapositiva 1\"><\/a><\/li>\n\t\t\t\t\t\t\t\t\t<\/ol>\n\n\t\t\t\t<div class=\"sow-slide-nav sow-slide-nav-next\">\n\t\t\t\t\t<a href=\"#\" data-goto=\"next\" aria-label=\"diapositiva siguiente\" data-action=\"next\">\n\t\t\t\t\t\t<em class=\"sow-sld-icon-thin-right\"><\/em>\n\t\t\t\t\t<\/a>\n\t\t\t\t<\/div>\n\n\t\t\t\t<div class=\"sow-slide-nav sow-slide-nav-prev\">\n\t\t\t\t\t<a href=\"#\" data-goto=\"previous\" aria-label=\"diapositiva anterior\" data-action=\"prev\">\n\t\t\t\t\t\t<em class=\"sow-sld-icon-thin-left\"><\/em>\n\t\t\t\t\t<\/a>\n\t\t\t\t<\/div>\n\t\t\t\t<\/div><\/div><\/div><\/div><\/div><\/div><\/div>\n\n<div  class=\"ultp-post-grid-block wp-block-ultimate-post-post-grid-2 ultp-block-de969a\"><div class=\"ultp-block-wrapper\"><div class=\"ultp-loading\"><div class=\"ultp-loading-blocks\" style=\"width:100%;height:100%;\"><div style=\"left: 0;top: 0;animation-delay:0s;\"><\/div><div style=\"left: 21px;top: 0;animation-delay:0.125s;\"><\/div><div style=\"left: 42px;top: 0;animation-delay:0.25s;\"><\/div><div style=\"left: 0;top: 21px;animation-delay:0.875s;\"><\/div><div style=\"left: 42px;top: 21px;animation-delay:0.375s;\"><\/div><div style=\"left: 0;top: 42px;animation-delay:0.75s;\"><\/div><div style=\"left: 42px;top: 42px;animation-delay:0.625s;\"><\/div><div style=\"left: 21px;top: 42px;animation-delay:0.5s;\"><\/div><\/div><\/div><div class=\"ultp-heading-filter\"><div class=\"ultp-heading-filter-in\"><div class=\"ultp-heading-wrap ultp-heading-style1 ultp-heading-left\"><h2 class=\"ultp-heading-inner\"><span>Miembros Permanentes<\/span><\/h2><\/div><\/div><\/div><div class=\"ultp-block-items-wrap ultp-block-row\"><div class=\"ultp-block-item post-id-3764\"><div class=\"ultp-block-content-wrap ultp-block-content-overlay\"><div class=\"ultp-block-image ultp-block-image-zoomIn ultp-block-image-overlay ultp-block-image-flat\"><a href=\"https:\/\/creg.i3a.es\/es\/miguel-menendez\/\" ><img decoding=\"async\"  alt=\"Miguel Men\u00e9ndez\"  src=\"https:\/\/creg.i3a.es\/wp-content\/uploads\/2023\/09\/Miguel-Menendez-667x570.jpg\" \/><\/a><\/div><div class=\"ultp-block-content ultp-block-content-bottomPosition\"><div class=\"ultp-block-content-inner\"><h3 class=\"ultp-block-title\"><a href=\"https:\/\/creg.i3a.es\/es\/miguel-menendez\/\" >Miguel Men\u00e9ndez<\/a><\/h3><\/div><\/div><\/div><\/div><div class=\"ultp-block-item post-id-3769\"><div class=\"ultp-block-content-wrap ultp-block-content-overlay\"><div class=\"ultp-block-image ultp-block-image-zoomIn ultp-block-image-overlay ultp-block-image-flat\"><a href=\"https:\/\/creg.i3a.es\/es\/javier-herguido\/\" ><img decoding=\"async\"  alt=\"Javier Herguido\"  src=\"https:\/\/creg.i3a.es\/wp-content\/uploads\/2023\/09\/Javier-Herguido.jpg\" \/><\/a><\/div><div class=\"ultp-block-content ultp-block-content-bottomPosition\"><div class=\"ultp-block-content-inner\"><h3 class=\"ultp-block-title\"><a href=\"https:\/\/creg.i3a.es\/es\/javier-herguido\/\" >Javier Herguido<\/a><\/h3><\/div><\/div><\/div><\/div><div class=\"ultp-block-item post-id-3775\"><div class=\"ultp-block-content-wrap ultp-block-content-overlay\"><div class=\"ultp-block-image ultp-block-image-zoomIn ultp-block-image-overlay ultp-block-image-flat\"><a href=\"https:\/\/creg.i3a.es\/es\/jose-angel-pena\/\" ><img decoding=\"async\"  alt=\"Jos\u00e9 \u00c1ngel Pe\u00f1a\"  src=\"https:\/\/creg.i3a.es\/wp-content\/uploads\/2023\/09\/Foto_JAP_210503_2.jpg\" \/><\/a><\/div><div class=\"ultp-block-content ultp-block-content-bottomPosition\"><div class=\"ultp-block-content-inner\"><h3 class=\"ultp-block-title\"><a href=\"https:\/\/creg.i3a.es\/es\/jose-angel-pena\/\" >Jos\u00e9 \u00c1ngel Pe\u00f1a<\/a><\/h3><\/div><\/div><\/div><\/div><div class=\"ultp-block-item post-id-3779\"><div class=\"ultp-block-content-wrap ultp-block-content-overlay\"><div class=\"ultp-block-image ultp-block-image-zoomIn ultp-block-image-overlay ultp-block-image-flat\"><a href=\"https:\/\/creg.i3a.es\/es\/eva-frances-perez\/\" ><img decoding=\"async\"  alt=\"Eva Franc\u00e9s\"  src=\"https:\/\/creg.i3a.es\/wp-content\/uploads\/2023\/09\/foto.jpg\" \/><\/a><\/div><div class=\"ultp-block-content ultp-block-content-bottomPosition\"><div class=\"ultp-block-content-inner\"><h3 class=\"ultp-block-title\"><a href=\"https:\/\/creg.i3a.es\/es\/eva-frances-perez\/\" >Eva Franc\u00e9s<\/a><\/h3><\/div><\/div><\/div><\/div><div class=\"ultp-block-item post-id-3784\"><div class=\"ultp-block-content-wrap ultp-block-content-overlay\"><div class=\"ultp-block-image ultp-block-image-zoomIn ultp-block-image-overlay ultp-block-image-flat\"><a href=\"https:\/\/creg.i3a.es\/es\/jaime-soler-herrero\/\" ><img decoding=\"async\"  alt=\"Jaime Soler\"  src=\"https:\/\/creg.i3a.es\/wp-content\/uploads\/2023\/09\/Foto_1-870x570.png\" \/><\/a><\/div><div class=\"ultp-block-content ultp-block-content-bottomPosition\"><div class=\"ultp-block-content-inner\"><h3 class=\"ultp-block-title\"><a href=\"https:\/\/creg.i3a.es\/es\/jaime-soler-herrero\/\" >Jaime Soler<\/a><\/h3><\/div><\/div><\/div><\/div><div class=\"ultp-block-item post-id-3786\"><div class=\"ultp-block-content-wrap ultp-block-content-overlay\"><div class=\"ultp-block-image ultp-block-image-zoomIn ultp-block-image-overlay ultp-block-image-flat\"><a href=\"https:\/\/creg.i3a.es\/es\/enrique-romero-pascual\/\" ><img decoding=\"async\"  alt=\"Enrique Romero\"  src=\"https:\/\/creg.i3a.es\/wp-content\/uploads\/2023\/09\/Enrique-Romero-870x570.jpg\" \/><\/a><\/div><div class=\"ultp-block-content ultp-block-content-bottomPosition\"><div class=\"ultp-block-content-inner\"><h3 class=\"ultp-block-title\"><a href=\"https:\/\/creg.i3a.es\/es\/enrique-romero-pascual\/\" >Enrique Romero<\/a><\/h3><\/div><\/div><\/div><\/div><\/div><\/div><div class=\"pagination-block-html\" aria-hidden=\"true\" style=\"display: none;\"><\/div><\/div>\n\n<div id=\"pl-gb198-69dddcb0afe70\"  class=\"panel-layout\" ><div id=\"pg-gb198-69dddcb0afe70-0\"  class=\"panel-grid panel-has-style\" ><div class=\"panel-row-style panel-row-style-for-gb198-69dddcb0afe70-0\" ><div id=\"pgc-gb198-69dddcb0afe70-0-0\"  class=\"panel-grid-cell\" ><div id=\"panel-gb198-69dddcb0afe70-0-0-0\" class=\"so-panel widget widget_sow-editor panel-first-child panel-last-child\" data-index=\"0\" ><div class=\"panel-widget-style panel-widget-style-for-gb198-69dddcb0afe70-0-0-0\" ><div\n\t\t\t\n\t\t\tclass=\"so-widget-sow-editor so-widget-sow-editor-base\"\n\t\t\t\n\t\t>\n<div class=\"siteorigin-widget-tinymce textwidget\">\n\t<\/div>\n<\/div><\/div><\/div><\/div><\/div><\/div><\/div>\n\n<div  class=\"ultp-post-grid-block wp-block-ultimate-post-post-grid-2 ultp-block-e58381\"><div class=\"ultp-block-wrapper\"><div class=\"ultp-loading\"><div class=\"ultp-loading-blocks\" style=\"width:100%;height:100%;\"><div style=\"left: 0;top: 0;animation-delay:0s;\"><\/div><div style=\"left: 21px;top: 0;animation-delay:0.125s;\"><\/div><div style=\"left: 42px;top: 0;animation-delay:0.25s;\"><\/div><div style=\"left: 0;top: 21px;animation-delay:0.875s;\"><\/div><div style=\"left: 42px;top: 21px;animation-delay:0.375s;\"><\/div><div style=\"left: 0;top: 42px;animation-delay:0.75s;\"><\/div><div style=\"left: 42px;top: 42px;animation-delay:0.625s;\"><\/div><div style=\"left: 21px;top: 42px;animation-delay:0.5s;\"><\/div><\/div><\/div><div class=\"ultp-heading-filter\"><div class=\"ultp-heading-filter-in\"><div class=\"ultp-heading-wrap ultp-heading-style1 ultp-heading-left\"><h2 class=\"ultp-heading-inner\"><span>Investigadores Post-Doctorado<\/span><\/h2><\/div><\/div><\/div><div class=\"ultp-block-items-wrap ultp-block-row\"><div class=\"ultp-block-item post-id-3915\"><div class=\"ultp-block-content-wrap ultp-block-content-overlay\"><div class=\"ultp-block-image ultp-block-image-zoomIn ultp-block-image-overlay ultp-block-image-flat\"><a href=\"https:\/\/creg.i3a.es\/es\/paul-duran-sanchez\/\" target=\"_blank\"><img decoding=\"async\"  alt=\"Pa\u00fal Dur\u00e1n\"  src=\"https:\/\/creg.i3a.es\/wp-content\/uploads\/2023\/09\/Paul-Duran_1-870x570.jpg\" \/><\/a><\/div><div class=\"ultp-block-content ultp-block-content-bottomPosition\"><div class=\"ultp-block-content-inner\"><h3 class=\"ultp-block-title\"><a href=\"https:\/\/creg.i3a.es\/es\/paul-duran-sanchez\/\" target=\"_blank\">Pa\u00fal Dur\u00e1n<\/a><\/h3><\/div><\/div><\/div><\/div><div class=\"ultp-block-item post-id-3908\"><div class=\"ultp-block-content-wrap ultp-block-content-overlay\"><div class=\"ultp-block-image ultp-block-image-zoomIn ultp-block-image-overlay ultp-block-image-flat\"><a href=\"https:\/\/creg.i3a.es\/es\/javier-lasobras-laguna\/\" target=\"_blank\"><img decoding=\"async\"  alt=\"Javier Lasobras\"  src=\"https:\/\/creg.i3a.es\/wp-content\/uploads\/2023\/09\/Foto-Javier-Lasobras.jpg\" \/><\/a><\/div><div class=\"ultp-block-content ultp-block-content-bottomPosition\"><div class=\"ultp-block-content-inner\"><h3 class=\"ultp-block-title\"><a href=\"https:\/\/creg.i3a.es\/es\/javier-lasobras-laguna\/\" target=\"_blank\">Javier Lasobras<\/a><\/h3><\/div><\/div><\/div><\/div><div class=\"ultp-block-item post-id-3807\"><div class=\"ultp-block-content-wrap ultp-block-content-overlay\"><div class=\"ultp-block-image ultp-block-image-zoomIn ultp-block-image-overlay ultp-block-image-flat\"><a href=\"https:\/\/creg.i3a.es\/es\/simona-renda\/\" target=\"_blank\"><img decoding=\"async\"  alt=\"Simona Renda\"  src=\"https:\/\/creg.i3a.es\/wp-content\/uploads\/2023\/09\/Imagen1.jpg\" \/><\/a><\/div><div class=\"ultp-block-content ultp-block-content-bottomPosition\"><div class=\"ultp-block-content-inner\"><h3 class=\"ultp-block-title\"><a href=\"https:\/\/creg.i3a.es\/es\/simona-renda\/\" target=\"_blank\">Simona Renda<\/a><\/h3><\/div><\/div><\/div><\/div><div class=\"ultp-block-item post-id-3830\"><div class=\"ultp-block-content-wrap ultp-block-content-overlay\"><div class=\"ultp-block-image ultp-block-image-zoomIn ultp-block-image-overlay ultp-block-image-flat\"><a href=\"https:\/\/creg.i3a.es\/es\/carlota-mur-mur\/\" target=\"_blank\"><img decoding=\"async\"  alt=\"Carlota Mur\"  src=\"https:\/\/creg.i3a.es\/wp-content\/uploads\/2023\/09\/Imagen1-1.png\" \/><\/a><\/div><div class=\"ultp-block-content ultp-block-content-bottomPosition\"><div class=\"ultp-block-content-inner\"><h3 class=\"ultp-block-title\"><a href=\"https:\/\/creg.i3a.es\/es\/carlota-mur-mur\/\" target=\"_blank\">Carlota Mur<\/a><\/h3><\/div><\/div><\/div><\/div><\/div><\/div><div class=\"pagination-block-html\" aria-hidden=\"true\" style=\"display: none;\"><\/div><\/div>\n\n<div id=\"pl-gb198-69dddcb0b5059\"  class=\"panel-layout\" ><div id=\"pg-gb198-69dddcb0b5059-0\"  class=\"panel-grid panel-has-style\" ><div class=\"panel-row-style panel-row-style-for-gb198-69dddcb0b5059-0\" ><div id=\"pgc-gb198-69dddcb0b5059-0-0\"  class=\"panel-grid-cell\" ><div id=\"panel-gb198-69dddcb0b5059-0-0-0\" class=\"so-panel widget widget_sow-editor panel-first-child panel-last-child\" data-index=\"0\" ><div class=\"panel-widget-style panel-widget-style-for-gb198-69dddcb0b5059-0-0-0\" ><div\n\t\t\t\n\t\t\tclass=\"so-widget-sow-editor so-widget-sow-editor-base\"\n\t\t\t\n\t\t>\n<div class=\"siteorigin-widget-tinymce textwidget\">\n\t<\/div>\n<\/div><\/div><\/div><\/div><\/div><\/div><\/div>\n\n<div  class=\"ultp-post-grid-block wp-block-ultimate-post-post-grid-2 ultp-block-b84152\"><div class=\"ultp-block-wrapper\"><div class=\"ultp-loading\"><div class=\"ultp-loading-blocks\" style=\"width:100%;height:100%;\"><div style=\"left: 0;top: 0;animation-delay:0s;\"><\/div><div style=\"left: 21px;top: 0;animation-delay:0.125s;\"><\/div><div style=\"left: 42px;top: 0;animation-delay:0.25s;\"><\/div><div style=\"left: 0;top: 21px;animation-delay:0.875s;\"><\/div><div style=\"left: 42px;top: 21px;animation-delay:0.375s;\"><\/div><div style=\"left: 0;top: 42px;animation-delay:0.75s;\"><\/div><div style=\"left: 42px;top: 42px;animation-delay:0.625s;\"><\/div><div style=\"left: 21px;top: 42px;animation-delay:0.5s;\"><\/div><\/div><\/div><div class=\"ultp-heading-filter\"><div class=\"ultp-heading-filter-in\"><div class=\"ultp-heading-wrap ultp-heading-style1 ultp-heading-left\"><h2 class=\"ultp-heading-inner\"><span>Investigadores Pre-Doctorado y Visitantes<\/span><\/h2><\/div><\/div><\/div><div class=\"ultp-block-items-wrap ultp-block-row\"><div class=\"ultp-block-item post-id-3828\"><div class=\"ultp-block-content-wrap ultp-block-content-overlay\"><div class=\"ultp-block-image ultp-block-image-zoomIn ultp-block-image-overlay ultp-block-image-flat\"><a href=\"https:\/\/creg.i3a.es\/es\/victor-mercader-plou\/\" target=\"_blank\"><img decoding=\"async\"  alt=\"V\u00edctor Mercader\"  src=\"https:\/\/creg.i3a.es\/wp-content\/uploads\/2023\/09\/Victor-Mercader_2.jpg\" \/><\/a><\/div><div class=\"ultp-block-content ultp-block-content-bottomPosition\"><div class=\"ultp-block-content-inner\"><h3 class=\"ultp-block-title\"><a href=\"https:\/\/creg.i3a.es\/es\/victor-mercader-plou\/\" target=\"_blank\">V\u00edctor Mercader<\/a><\/h3><\/div><\/div><\/div><\/div><div class=\"ultp-block-item post-id-3834\"><div class=\"ultp-block-content-wrap ultp-block-content-overlay\"><div class=\"ultp-block-image ultp-block-image-zoomIn ultp-block-image-overlay ultp-block-image-flat\"><a href=\"https:\/\/creg.i3a.es\/es\/pablo-aragues-aldea\/\" target=\"_blank\"><img decoding=\"async\"  alt=\"Pablo Arag\u00fc\u00e9s\"  src=\"https:\/\/creg.i3a.es\/wp-content\/uploads\/2023\/09\/Fotografia-Pablo-Aragues-Aldea_OK2.jpg\" \/><\/a><\/div><div class=\"ultp-block-content ultp-block-content-bottomPosition\"><div class=\"ultp-block-content-inner\"><h3 class=\"ultp-block-title\"><a href=\"https:\/\/creg.i3a.es\/es\/pablo-aragues-aldea\/\" target=\"_blank\">Pablo Arag\u00fc\u00e9s<\/a><\/h3><\/div><\/div><\/div><\/div><div class=\"ultp-block-item post-id-4781\"><div class=\"ultp-block-content-wrap ultp-block-content-overlay\"><div class=\"ultp-block-image ultp-block-image-zoomIn ultp-block-image-overlay ultp-block-image-flat\"><a href=\"https:\/\/creg.i3a.es\/es\/rodrigo-gonzalez\/\" target=\"_blank\"><img decoding=\"async\"  alt=\"Rodrigo Gonz\u00e1lez\"  src=\"https:\/\/creg.i3a.es\/wp-content\/uploads\/2023\/10\/Imagen1-870x570.png\" \/><\/a><\/div><div class=\"ultp-block-content ultp-block-content-bottomPosition\"><div class=\"ultp-block-content-inner\"><h3 class=\"ultp-block-title\"><a href=\"https:\/\/creg.i3a.es\/es\/rodrigo-gonzalez\/\" target=\"_blank\">Rodrigo Gonz\u00e1lez<\/a><\/h3><\/div><\/div><\/div><\/div><div class=\"ultp-block-item post-id-3823\"><div class=\"ultp-block-content-wrap ultp-block-content-overlay\"><div class=\"ultp-block-image ultp-block-image-zoomIn ultp-block-image-overlay ultp-block-image-flat\"><a href=\"https:\/\/creg.i3a.es\/es\/pablo-sanz-monreal\/\" target=\"_blank\"><img decoding=\"async\"  alt=\"Pablo Sanz\"  src=\"https:\/\/creg.i3a.es\/wp-content\/uploads\/2023\/09\/imagen6-870x570.jpg\" \/><\/a><\/div><div class=\"ultp-block-content ultp-block-content-bottomPosition\"><div class=\"ultp-block-content-inner\"><h3 class=\"ultp-block-title\"><a href=\"https:\/\/creg.i3a.es\/es\/pablo-sanz-monreal\/\" target=\"_blank\">Pablo Sanz<\/a><\/h3><\/div><\/div><\/div><\/div><div class=\"ultp-block-item post-id-5278\"><div class=\"ultp-block-content-wrap ultp-block-content-overlay\"><div class=\"ultp-block-image ultp-block-image-zoomIn ultp-block-image-overlay ultp-block-image-flat\"><a href=\"https:\/\/creg.i3a.es\/es\/pilar-vega\/\" target=\"_blank\"><img decoding=\"async\"  alt=\"Pilar Vega\"  src=\"https:\/\/creg.i3a.es\/wp-content\/uploads\/2025\/03\/Imagen2-870x570.png\" \/><\/a><\/div><div class=\"ultp-block-content ultp-block-content-bottomPosition\"><div class=\"ultp-block-content-inner\"><h3 class=\"ultp-block-title\"><a href=\"https:\/\/creg.i3a.es\/es\/pilar-vega\/\" target=\"_blank\">Pilar Vega<\/a><\/h3><\/div><\/div><\/div><\/div><div class=\"ultp-block-item post-id-5316\"><div class=\"ultp-block-content-wrap ultp-block-content-overlay\"><div class=\"ultp-block-image ultp-block-image-zoomIn ultp-block-image-overlay ultp-block-image-flat\"><a href=\"https:\/\/creg.i3a.es\/es\/chuan-gimeno\/\" target=\"_blank\"><img decoding=\"async\"  alt=\"Chuan Gimeno\"  src=\"https:\/\/creg.i3a.es\/wp-content\/uploads\/2025\/03\/Chuan-Gimeno_1-870x570.png\" \/><\/a><\/div><div class=\"ultp-block-content ultp-block-content-bottomPosition\"><div class=\"ultp-block-content-inner\"><h3 class=\"ultp-block-title\"><a href=\"https:\/\/creg.i3a.es\/es\/chuan-gimeno\/\" target=\"_blank\">Chuan Gimeno<\/a><\/h3><\/div><\/div><\/div><\/div><div class=\"ultp-block-item post-id-5363\"><div class=\"ultp-block-content-wrap ultp-block-content-overlay\"><div class=\"ultp-block-image ultp-block-image-zoomIn ultp-block-image-overlay ultp-block-image-flat\"><a href=\"https:\/\/creg.i3a.es\/es\/david-ruiz-alejos\/\" target=\"_blank\"><img decoding=\"async\"  alt=\"David Ru\u00edz-Alejos\"  src=\"https:\/\/creg.i3a.es\/wp-content\/uploads\/2025\/04\/Foto.jpeg\" \/><\/a><\/div><div class=\"ultp-block-content ultp-block-content-bottomPosition\"><div class=\"ultp-block-content-inner\"><h3 class=\"ultp-block-title\"><a href=\"https:\/\/creg.i3a.es\/es\/david-ruiz-alejos\/\" target=\"_blank\">David Ru\u00edz-Alejos<\/a><\/h3><\/div><\/div><\/div><\/div><div class=\"ultp-block-item post-id-5332\"><div class=\"ultp-block-content-wrap ultp-block-content-overlay\"><div class=\"ultp-block-image ultp-block-image-zoomIn ultp-block-image-overlay ultp-block-image-flat\"><a href=\"https:\/\/creg.i3a.es\/es\/miguel-angel-becerril\/\" target=\"_blank\"><img decoding=\"async\"  alt=\"Miguel \u00c1ngel Becerril\"  src=\"https:\/\/creg.i3a.es\/wp-content\/uploads\/2025\/10\/Foto.jpeg\" \/><\/a><\/div><div class=\"ultp-block-content ultp-block-content-bottomPosition\"><div class=\"ultp-block-content-inner\"><h3 class=\"ultp-block-title\"><a href=\"https:\/\/creg.i3a.es\/es\/miguel-angel-becerril\/\" target=\"_blank\">Miguel \u00c1ngel Becerril<\/a><\/h3><\/div><\/div><\/div><\/div><\/div><\/div><div class=\"pagination-block-html\" aria-hidden=\"true\" style=\"display: none;\"><\/div><\/div>","protected":false},"excerpt":{"rendered":"","protected":false},"author":1,"featured_media":0,"parent":0,"menu_order":0,"comment_status":"closed","ping_status":"closed","template":"","meta":{"footnotes":""},"class_list":["post-198","page","type-page","status-publish"],"_links":{"self":[{"href":"https:\/\/creg.i3a.es\/es\/wp-json\/wp\/v2\/pages\/198","targetHints":{"allow":["GET"]}}],"collection":[{"href":"https:\/\/creg.i3a.es\/es\/wp-json\/wp\/v2\/pages"}],"about":[{"href":"https:\/\/creg.i3a.es\/es\/wp-json\/wp\/v2\/types\/page"}],"author":[{"embeddable":true,"href":"https:\/\/creg.i3a.es\/es\/wp-json\/wp\/v2\/users\/1"}],"replies":[{"embeddable":true,"href":"https:\/\/creg.i3a.es\/es\/wp-json\/wp\/v2\/comments?post=198"}],"version-history":[{"count":44,"href":"https:\/\/creg.i3a.es\/es\/wp-json\/wp\/v2\/pages\/198\/revisions"}],"predecessor-version":[{"id":4640,"href":"https:\/\/creg.i3a.es\/es\/wp-json\/wp\/v2\/pages\/198\/revisions\/4640"}],"wp:attachment":[{"href":"https:\/\/creg.i3a.es\/es\/wp-json\/wp\/v2\/media?parent=198"}],"curies":[{"name":"wp","href":"https:\/\/api.w.org\/{rel}","templated":true}]}}