{"id":2861,"date":"2020-08-31T13:28:12","date_gmt":"2020-08-31T11:28:12","guid":{"rendered":"https:\/\/afrodita.i3a.es\/?page_id=2861"},"modified":"2024-07-11T11:12:39","modified_gmt":"2024-07-11T09:12:39","slug":"job-vacancies","status":"publish","type":"page","link":"https:\/\/creg.i3a.es\/es\/job-vacancies\/","title":{"rendered":"Empleo"},"content":{"rendered":"<p><style type=\"text\/css\">@media only screen and (min-width: 1000px) and (max-width: 5000px){body.kc-css-system .kc-css-1762508{width: 25%;}body.kc-css-system .kc-css-3389630{width: 25%;}body.kc-css-system .kc-css-668875{width: 25%;}body.kc-css-system .kc-css-1418942{width: 25%;}}body.kc-css-system .kc-css-1589034 .content-position{font-size: 0.9em;}body.kc-css-system .kc-css-1589034 .content-button a{color: #ffffff;background-color: #1e73be;}body.kc-css-system .kc-css-1589034{background: #edf2f6;padding: 20px 20px 20px 20px;}<\/style><\/p>\n\n\n<div id=\"pl-gb2861-69ddda9db8f35\"  class=\"panel-layout wp-block-siteorigin-panels-layout-block\" ><div id=\"pg-gb2861-69ddda9db8f35-0\"  class=\"panel-grid panel-has-style\" ><div class=\"siteorigin-panels-stretch panel-row-style panel-row-style-for-gb2861-69ddda9db8f35-0\" data-stretch-type=\"full-width-stretch\" ><div id=\"pgc-gb2861-69ddda9db8f35-0-0\"  class=\"panel-grid-cell\" ><div id=\"panel-gb2861-69ddda9db8f35-0-0-0\" class=\"so-panel widget widget_sow-hero panel-first-child panel-last-child\" data-index=\"0\" ><div\n\t\t\t\n\t\t\tclass=\"so-widget-sow-hero so-widget-sow-hero-default-277c047652f8-2861 so-widget-fittext-wrapper\"\n\t\t\t data-fit-text-compressor=\"0.85\"\n\t\t>\t\t\t\t<div class=\"sow-slider-base\" style=\"display: none\" tabindex=\"0\">\n\t\t\t\t\t<ul\n\t\t\t\t\tclass=\"sow-slider-images\"\n\t\t\t\t\tdata-settings=\"{&quot;pagination&quot;:true,&quot;speed&quot;:800,&quot;timeout&quot;:8000,&quot;paused&quot;:false,&quot;pause_on_hover&quot;:false,&quot;swipe&quot;:true,&quot;nav_always_show_desktop&quot;:&quot;&quot;,&quot;nav_always_show_mobile&quot;:&quot;&quot;,&quot;breakpoint&quot;:&quot;780px&quot;,&quot;unmute&quot;:false,&quot;anchor&quot;:null}\"\n\t\t\t\t\t\t\t\t\t\tdata-anchor-id=\"\"\n\t\t\t\t>\t\t<li class=\"sow-slider-image  sow-slider-image-cover\" style=\"visibility: visible;;background-color: #000000\" >\n\t\t\t\t\t<div class=\"sow-slider-image-container\">\n\t\t\t<div class=\"sow-slider-image-wrapper\">\n\t\t\t\t<h1 style=\"text-align: center\"><strong>Empleo<\/strong><\/h1>\n\t\t\t<\/div>\n\t\t<\/div>\n\t\t<div class=\"sow-slider-image-overlay sow-slider-image-cover\" style=\"opacity: 0.85;background-image: url(https:\/\/creg.i3a.es\/wp-content\/uploads\/2023\/10\/empleo.png)\"  ><\/div>\t\t<\/li>\n\t\t<\/ul>\t\t\t\t<ol class=\"sow-slider-pagination\">\n\t\t\t\t\t\t\t\t\t\t\t<li><a href=\"#\" data-goto=\"0\" aria-label=\"mostrar diapositiva 1\"><\/a><\/li>\n\t\t\t\t\t\t\t\t\t<\/ol>\n\n\t\t\t\t<div class=\"sow-slide-nav sow-slide-nav-next\">\n\t\t\t\t\t<a href=\"#\" data-goto=\"next\" aria-label=\"diapositiva siguiente\" data-action=\"next\">\n\t\t\t\t\t\t<em class=\"sow-sld-icon-thin-right\"><\/em>\n\t\t\t\t\t<\/a>\n\t\t\t\t<\/div>\n\n\t\t\t\t<div class=\"sow-slide-nav sow-slide-nav-prev\">\n\t\t\t\t\t<a href=\"#\" data-goto=\"previous\" aria-label=\"diapositiva anterior\" data-action=\"prev\">\n\t\t\t\t\t\t<em class=\"sow-sld-icon-thin-left\"><\/em>\n\t\t\t\t\t<\/a>\n\t\t\t\t<\/div>\n\t\t\t\t<\/div><\/div><\/div><\/div><\/div><\/div><\/div>\n\n<div id=\"pl-gb2861-69ddda9db9d3c\"  class=\"panel-layout wp-block-siteorigin-panels-layout-block\" ><div id=\"pg-gb2861-69ddda9db9d3c-0\"  class=\"panel-grid panel-has-style\" ><div class=\"oculto panel-row-style panel-row-style-for-gb2861-69ddda9db9d3c-0\" ><div id=\"pgc-gb2861-69ddda9db9d3c-0-0\"  class=\"panel-grid-cell\" ><div id=\"panel-gb2861-69ddda9db9d3c-0-0-0\" class=\"so-panel widget widget_sow-editor panel-first-child panel-last-child\" data-index=\"0\" ><div class=\"oculto panel-widget-style panel-widget-style-for-gb2861-69ddda9db9d3c-0-0-0\" ><div\n\t\t\t\n\t\t\tclass=\"so-widget-sow-editor so-widget-sow-editor-base\"\n\t\t\t\n\t\t>\n<div class=\"siteorigin-widget-tinymce textwidget\">\n\t<p style=\"text-align: center;\"><strong>Lo sentimos, no hay ofertas disponibles en este momento.<\/strong><\/p>\n<\/div>\n<\/div><\/div><\/div><\/div><\/div><\/div><div id=\"pg-gb2861-69ddda9db9d3c-1\"  class=\"panel-grid panel-no-style\" ><div id=\"pgc-gb2861-69ddda9db9d3c-1-0\"  class=\"panel-grid-cell\" ><div id=\"panel-gb2861-69ddda9db9d3c-1-0-0\" class=\"so-panel widget widget_sow-cta panel-first-child panel-last-child\" data-index=\"1\" ><div class=\"oculto panel-widget-style panel-widget-style-for-gb2861-69ddda9db9d3c-1-0-0\" ><div\n\t\t\t\n\t\t\tclass=\"so-widget-sow-cta so-widget-sow-cta-default-a23258021f70-2861\"\n\t\t\t\n\t\t><div\n\tclass=\"sow-cta-base\"\n\t>\n\t\n\t<div class=\"sow-cta-wrapper\">\n\n\t\t<div class=\"sow-cta-text\">\n\t\t\t\t\t\t\t<h4 class=\"sow-cta-title\">\n\t\t\t\t\tContrataci\u00f3n de Investigador novel N3: para ingeniero qu\u00edmico con conocimientos de programaci\u00f3n y manejo de Hysys.\t\t\t\t<\/h4>\n\t\t\t\n\t\t\t\t\t\t\t<h4 class=\"sow-cta-subtitle\">\n\t\t\t\t\tFecha de Publicaci\u00f3n 01-11-23 <br \/><br \/>Los interesados pueden escribir a <a href=\"mailto:miguel.menendez@unizar.es\">miguel.menendez@unizar.es<\/a> \t\t\t\t<\/h4>\n\t\t\t\t\t<\/div>\n\n\t\t<div\n\t\t\t\n\t\t\tclass=\"so-widget-sow-button so-widget-sow-button-atom-ef6f5d8149ce\"\n\t\t\t\n\t\t><div class=\"ow-button-base ow-button-align-center\"\n>\n\t\t\t<a\n\t\t\t\t\thref=\"mailto:miguel.menendez@unizar.es\"\n\t\t\t\t\tclass=\"sowb-button ow-icon-placement-left ow-button-hover\" download=\"\" \t>\n\t\t<span>\n\t\t\t<span class=\"sow-icon-ionicons\" data-sow-icon=\"&#xf44c;\"\n\t\tstyle=\"color: #ffffff\" \n\t\taria-hidden=\"true\"><\/span>\n\t\t\tInfo\t\t<\/span>\n\t\t\t<\/a>\n\t<\/div>\n<\/div>\n\t<\/div>\n\n\t<\/div>\n<\/div><\/div><\/div><\/div><div id=\"pgc-gb2861-69ddda9db9d3c-1-1\"  class=\"panel-grid-cell\" ><div id=\"panel-gb2861-69ddda9db9d3c-1-1-0\" class=\"so-panel widget widget_sow-cta panel-first-child panel-last-child\" data-index=\"2\" ><div class=\"oculto panel-widget-style panel-widget-style-for-gb2861-69ddda9db9d3c-1-1-0\" ><div\n\t\t\t\n\t\t\tclass=\"so-widget-sow-cta so-widget-sow-cta-default-a23258021f70-2861\"\n\t\t\t\n\t\t><div\n\tclass=\"sow-cta-base\"\n\t>\n\t\n\t<div class=\"sow-cta-wrapper\">\n\n\t\t<div class=\"sow-cta-text\">\n\t\t\t\t\t\t\t<h4 class=\"sow-cta-title\">\n\t\t\t\t\tConvocatoria contrataci\u00f3n de un N3 &#8211; Investigador iniciado. Proyecto Complementario del Hidr\u00f3geno dedicado a la producci\u00f3n de biometano a partir de biog\u00e1s.\t\t\t\t<\/h4>\n\t\t\t\n\t\t\t\t\t\t\t<h4 class=\"sow-cta-subtitle\">\n\t\t\t\t\tFecha de Publicaci\u00f3n: 19-10-2023 <br \/><br \/>Los interesados pueden escribir a <a href=\"mailto:jap@unizar.es\">jap@unizar.es<\/a> \t\t\t\t<\/h4>\n\t\t\t\t\t<\/div>\n\n\t\t<div\n\t\t\t\n\t\t\tclass=\"so-widget-sow-button so-widget-sow-button-atom-ef6f5d8149ce\"\n\t\t\t\n\t\t><div class=\"ow-button-base ow-button-align-center\"\n>\n\t\t\t<a\n\t\t\t\t\thref=\"mailto:jap@unizar.es\"\n\t\t\t\t\tclass=\"sowb-button ow-icon-placement-left ow-button-hover\" target=\"_blank\" rel=\"noopener noreferrer\" download=\"\" \t>\n\t\t<span>\n\t\t\t<span class=\"sow-icon-ionicons\" data-sow-icon=\"&#xf44c;\"\n\t\tstyle=\"color: #ffffff\" \n\t\taria-hidden=\"true\"><\/span>\n\t\t\tInfo\t\t<\/span>\n\t\t\t<\/a>\n\t<\/div>\n<\/div>\n\t<\/div>\n\n\t<\/div>\n<\/div><\/div><\/div><\/div><\/div><div id=\"pg-gb2861-69ddda9db9d3c-2\"  class=\"panel-grid panel-has-style\" ><div class=\"oculto panel-row-style panel-row-style-for-gb2861-69ddda9db9d3c-2\" ><div id=\"pgc-gb2861-69ddda9db9d3c-2-0\"  class=\"panel-grid-cell panel-grid-cell-empty panel-grid-cell-mobile-last\" ><\/div><div id=\"pgc-gb2861-69ddda9db9d3c-2-1\"  class=\"panel-grid-cell panel-grid-cell-empty\" ><\/div><\/div><\/div><\/div>","protected":false},"excerpt":{"rendered":"","protected":false},"author":1,"featured_media":0,"parent":0,"menu_order":0,"comment_status":"closed","ping_status":"closed","template":"","meta":{"footnotes":""},"class_list":["post-2861","page","type-page","status-publish"],"_links":{"self":[{"href":"https:\/\/creg.i3a.es\/es\/wp-json\/wp\/v2\/pages\/2861","targetHints":{"allow":["GET"]}}],"collection":[{"href":"https:\/\/creg.i3a.es\/es\/wp-json\/wp\/v2\/pages"}],"about":[{"href":"https:\/\/creg.i3a.es\/es\/wp-json\/wp\/v2\/types\/page"}],"author":[{"embeddable":true,"href":"https:\/\/creg.i3a.es\/es\/wp-json\/wp\/v2\/users\/1"}],"replies":[{"embeddable":true,"href":"https:\/\/creg.i3a.es\/es\/wp-json\/wp\/v2\/comments?post=2861"}],"version-history":[{"count":51,"href":"https:\/\/creg.i3a.es\/es\/wp-json\/wp\/v2\/pages\/2861\/revisions"}],"predecessor-version":[{"id":5169,"href":"https:\/\/creg.i3a.es\/es\/wp-json\/wp\/v2\/pages\/2861\/revisions\/5169"}],"wp:attachment":[{"href":"https:\/\/creg.i3a.es\/es\/wp-json\/wp\/v2\/media?parent=2861"}],"curies":[{"name":"wp","href":"https:\/\/api.w.org\/{rel}","templated":true}]}}