{"id":3385,"date":"2022-03-29T14:20:05","date_gmt":"2022-03-29T12:20:05","guid":{"rendered":"https:\/\/wppruebas.i3a.es\/?page_id=3385"},"modified":"2023-10-03T10:20:41","modified_gmt":"2023-10-03T08:20:41","slug":"featured-projects","status":"publish","type":"page","link":"https:\/\/creg.i3a.es\/es\/featured-projects\/","title":{"rendered":"Proyectos destacados"},"content":{"rendered":"<div id=\"pl-gb3385-69dddb4572fa8\"  class=\"panel-layout\" ><div id=\"pg-gb3385-69dddb4572fa8-0\"  class=\"panel-grid panel-has-style\" ><div class=\"siteorigin-panels-stretch panel-row-style panel-row-style-for-gb3385-69dddb4572fa8-0\" data-stretch-type=\"full-width-stretch\" ><div id=\"pgc-gb3385-69dddb4572fa8-0-0\"  class=\"panel-grid-cell\" ><div id=\"panel-gb3385-69dddb4572fa8-0-0-0\" class=\"so-panel widget widget_sow-hero panel-first-child panel-last-child\" data-index=\"0\" ><div\n\t\t\t\n\t\t\tclass=\"so-widget-sow-hero so-widget-sow-hero-default-277c047652f8-3385 so-widget-fittext-wrapper\"\n\t\t\t data-fit-text-compressor=\"0.85\"\n\t\t>\t\t\t\t<div class=\"sow-slider-base\" style=\"display: none\" tabindex=\"0\">\n\t\t\t\t\t<ul\n\t\t\t\t\tclass=\"sow-slider-images\"\n\t\t\t\t\tdata-settings=\"{&quot;pagination&quot;:true,&quot;speed&quot;:800,&quot;timeout&quot;:8000,&quot;paused&quot;:false,&quot;pause_on_hover&quot;:false,&quot;swipe&quot;:true,&quot;nav_always_show_desktop&quot;:&quot;&quot;,&quot;nav_always_show_mobile&quot;:&quot;&quot;,&quot;breakpoint&quot;:&quot;780px&quot;,&quot;unmute&quot;:false,&quot;anchor&quot;:null}\"\n\t\t\t\t\t\t\t\t\t\tdata-anchor-id=\"\"\n\t\t\t\t>\t\t<li class=\"sow-slider-image  sow-slider-image-cover\" style=\"visibility: visible;;background-color: #333333;background-image: url(https:\/\/creg.i3a.es\/wp-content\/uploads\/2023\/09\/fondo-creg-scaled.jpg)\" >\n\t\t\t\t\t<div class=\"sow-slider-image-container\">\n\t\t\t<div class=\"sow-slider-image-wrapper\">\n\t\t\t\t<h1 style=\"text-align: center\"><strong>Proyectos<\/strong><\/h1>\n\t\t\t<\/div>\n\t\t<\/div>\n\t\t\t\t<\/li>\n\t\t<\/ul>\t\t\t\t<ol class=\"sow-slider-pagination\">\n\t\t\t\t\t\t\t\t\t\t\t<li><a href=\"#\" data-goto=\"0\" aria-label=\"mostrar diapositiva 1\"><\/a><\/li>\n\t\t\t\t\t\t\t\t\t<\/ol>\n\n\t\t\t\t<div class=\"sow-slide-nav sow-slide-nav-next\">\n\t\t\t\t\t<a href=\"#\" data-goto=\"next\" aria-label=\"diapositiva siguiente\" data-action=\"next\">\n\t\t\t\t\t\t<em class=\"sow-sld-icon-thin-right\"><\/em>\n\t\t\t\t\t<\/a>\n\t\t\t\t<\/div>\n\n\t\t\t\t<div class=\"sow-slide-nav sow-slide-nav-prev\">\n\t\t\t\t\t<a href=\"#\" data-goto=\"previous\" aria-label=\"diapositiva anterior\" data-action=\"prev\">\n\t\t\t\t\t\t<em class=\"sow-sld-icon-thin-left\"><\/em>\n\t\t\t\t\t<\/a>\n\t\t\t\t<\/div>\n\t\t\t\t<\/div><\/div><\/div><\/div><\/div><\/div><\/div>\n\n<div  class=\"ultp-post-grid-block wp-block-ultimate-post-post-grid-2 ultp-block-7e89c3\"><div class=\"ultp-block-wrapper\"><div class=\"ultp-loading\"><div class=\"ultp-loading-blocks\" style=\"width:100%;height:100%;\"><div style=\"left: 0;top: 0;animation-delay:0s;\"><\/div><div style=\"left: 21px;top: 0;animation-delay:0.125s;\"><\/div><div style=\"left: 42px;top: 0;animation-delay:0.25s;\"><\/div><div style=\"left: 0;top: 21px;animation-delay:0.875s;\"><\/div><div style=\"left: 42px;top: 21px;animation-delay:0.375s;\"><\/div><div style=\"left: 0;top: 42px;animation-delay:0.75s;\"><\/div><div style=\"left: 42px;top: 42px;animation-delay:0.625s;\"><\/div><div style=\"left: 21px;top: 42px;animation-delay:0.5s;\"><\/div><\/div><\/div><div class=\"ultp-heading-filter\"><div class=\"ultp-heading-filter-in\"><div class=\"ultp-heading-wrap ultp-heading-style1 ultp-heading-left\"><h2 class=\"ultp-heading-inner\"><span>Destacados<\/span><\/h2><\/div><\/div><\/div><div class=\"ultp-block-items-wrap ultp-block-row\"><div class=\"ultp-block-item post-id-4399\"><div class=\"ultp-block-content-wrap ultp-block-content-overlay\"><div class=\"ultp-block-image ultp-block-image-zoomOut ultp-block-image-overlay ultp-block-image-flat\"><a href=\"https:\/\/creg.i3a.es\/es\/2023-2026-energy-harvesting-from-biogas-and-renewable-hydrogen-intensified-through-tri-functional-solids-and-unconventional-reactor-configurations-ebhuc\/\" ><img decoding=\"async\"  alt=\"Energy harvesting from Biogas and renewable Hydrogen intensified through tri-functional solids and Unconventional reactor Configurations (EBHUC)\"  src=\"https:\/\/creg.i3a.es\/wp-content\/uploads\/2023\/09\/Fondo-proyecto-870x570.png\" \/><\/a><\/div><div class=\"ultp-block-content ultp-block-content-middlePosition\"><div class=\"ultp-block-content-inner\"><h3 class=\"ultp-block-title\"><a href=\"https:\/\/creg.i3a.es\/es\/2023-2026-energy-harvesting-from-biogas-and-renewable-hydrogen-intensified-through-tri-functional-solids-and-unconventional-reactor-configurations-ebhuc\/\" >Explotaci\u00f3n energ\u00e9tica de biog\u00e1s e hidr\u00f3geno renovable intensificada a trav\u00e9s de materiales tri-funcionales y configuraciones de reactor no convencionales (EBHUC)<\/a><\/h3><div class=\"ultp-block-excerpt\">2023-2026<\/div><\/div><\/div><\/div><\/div><div class=\"ultp-block-item post-id-3870\"><div class=\"ultp-block-content-wrap ultp-block-content-overlay\"><div class=\"ultp-block-image ultp-block-image-zoomOut ultp-block-image-overlay ultp-block-image-flat\"><a href=\"https:\/\/creg.i3a.es\/es\/use-of-co2-for-the-production-of-high-performance-inorganic-compounds-and-for-its-transformation-to-e-fuels-assisted-by-zeolites\/\" ><img decoding=\"async\"  alt=\"Use of CO2\u00a0for the production of high performance inorganic compounds and for its transformation to e-fuels assisted by zeolites\"  src=\"https:\/\/creg.i3a.es\/wp-content\/uploads\/2023\/09\/Fondo-proyecto-870x570.png\" \/><\/a><\/div><div class=\"ultp-block-content ultp-block-content-middlePosition\"><div class=\"ultp-block-content-inner\"><h3 class=\"ultp-block-title\"><a href=\"https:\/\/creg.i3a.es\/es\/use-of-co2-for-the-production-of-high-performance-inorganic-compounds-and-for-its-transformation-to-e-fuels-assisted-by-zeolites\/\" >Uso de CO<sub>2<\/sub> para la producci\u00f3n de compuestos inorg\u00e1nicos de altas prestaciones y para la transformaci\u00f3n de e-combustibles asistida mediante zeolitas<\/a><\/h3><div class=\"ultp-block-excerpt\">2022-2025<\/div><\/div><\/div><\/div><\/div><div class=\"ultp-block-item post-id-3877\"><div class=\"ultp-block-content-wrap ultp-block-content-overlay\"><div class=\"ultp-block-image ultp-block-image-zoomOut ultp-block-image-overlay ultp-block-image-flat\"><a href=\"https:\/\/creg.i3a.es\/es\/reactores-continuos-mejorados-con-adsorcion-para-hidrogenacion-de-co2\/\" ><img decoding=\"async\"  alt=\"Continuous improved sorption enhanced reactors for CO2 hydrogenation\"  src=\"https:\/\/creg.i3a.es\/wp-content\/uploads\/2023\/09\/Fondo-proyecto-870x570.png\" \/><\/a><\/div><div class=\"ultp-block-content ultp-block-content-middlePosition\"><div class=\"ultp-block-content-inner\"><h3 class=\"ultp-block-title\"><a href=\"https:\/\/creg.i3a.es\/es\/reactores-continuos-mejorados-con-adsorcion-para-hidrogenacion-de-co2\/\" >Reactores continuos mejorados con adsorci\u00f3n para hidrogenaci\u00f3n de CO<sub>2 <\/sub><\/a><\/h3><div class=\"ultp-block-excerpt\">2022-2024<\/div><\/div><\/div><\/div><\/div><div class=\"ultp-block-item post-id-3880\"><div class=\"ultp-block-content-wrap ultp-block-content-overlay\"><div class=\"ultp-block-image ultp-block-image-zoomOut ultp-block-image-overlay ultp-block-image-flat\"><a href=\"https:\/\/creg.i3a.es\/es\/oxidacion-selectiva-de-metano-e-hidrogenacion-de-co2-en-reactores-cataliticos-avanzados-2\/\" ><img decoding=\"async\"  alt=\"Catalytic selective oxidation of methane and CO2\u00a0hydrogenation in advanced catalytic reactors\"  src=\"https:\/\/creg.i3a.es\/wp-content\/uploads\/2023\/09\/Fondo-proyecto-870x570.png\" \/><\/a><\/div><div class=\"ultp-block-content ultp-block-content-middlePosition\"><div class=\"ultp-block-content-inner\"><h3 class=\"ultp-block-title\"><a href=\"https:\/\/creg.i3a.es\/es\/oxidacion-selectiva-de-metano-e-hidrogenacion-de-co2-en-reactores-cataliticos-avanzados-2\/\" >Oxidaci\u00f3n selectiva de metano e hidrogenaci\u00f3n de CO<sub>2 <\/sub> en reactores catal\u00edticos avanzados<\/a><\/h3><div class=\"ultp-block-excerpt\">2020-2023<\/div><\/div><\/div><\/div><\/div><div class=\"ultp-block-item post-id-4284\"><div class=\"ultp-block-content-wrap ultp-block-content-overlay\"><div class=\"ultp-block-image ultp-block-image-zoomOut ultp-block-image-overlay ultp-block-image-flat\"><a href=\"https:\/\/creg.i3a.es\/es\/2020-2023-valorizacion-energetica-de-biogas-e-hidrogeno-renovable-intensificacion-via-materiales-avanzados-y-reactores-multifuncionales\/\" ><img decoding=\"async\"  alt=\"Energy valorization of biogas and renewable hydrogen: intensification by advanced materials and multifunctional reactors- RECO2\"  src=\"https:\/\/creg.i3a.es\/wp-content\/uploads\/2023\/09\/Fondo-proyecto-870x570.png\" \/><\/a><\/div><div class=\"ultp-block-content ultp-block-content-middlePosition\"><div class=\"ultp-block-content-inner\"><h3 class=\"ultp-block-title\"><a href=\"https:\/\/creg.i3a.es\/es\/2020-2023-valorizacion-energetica-de-biogas-e-hidrogeno-renovable-intensificacion-via-materiales-avanzados-y-reactores-multifuncionales\/\" >Valorizaci\u00f3n energ\u00e9tica de biog\u00e1s e hidr\u00f3geno renovable: intensificaci\u00f3n v\u00eda materiales avanzados y reactores multifuncionales -RECO2<\/a><\/h3><div class=\"ultp-block-excerpt\">2020-2023<\/div><\/div><\/div><\/div><\/div><div class=\"ultp-block-item post-id-3882\"><div class=\"ultp-block-content-wrap ultp-block-content-overlay\"><div class=\"ultp-block-image ultp-block-image-zoomOut ultp-block-image-overlay ultp-block-image-flat\"><a href=\"https:\/\/creg.i3a.es\/es\/intensificacion-de-procesos-en-la-obtencion-de-combustibles-liquidos-a-partir-de-gas-de-sintesis\/\" ><img decoding=\"async\"  alt=\"Process intensification in the production of liquid fuels from syngas\"  src=\"https:\/\/creg.i3a.es\/wp-content\/uploads\/2023\/09\/Fondo-proyecto-870x570.png\" \/><\/a><\/div><div class=\"ultp-block-content ultp-block-content-middlePosition\"><div class=\"ultp-block-content-inner\"><h3 class=\"ultp-block-title\"><a href=\"https:\/\/creg.i3a.es\/es\/intensificacion-de-procesos-en-la-obtencion-de-combustibles-liquidos-a-partir-de-gas-de-sintesis\/\" >Intensificaci\u00f3n de procesos en la obtenci\u00f3n de combustibles l\u00edquidos a partir de gas de s\u00edntesis<\/a><\/h3><div class=\"ultp-block-excerpt\">2016-2019<\/div><\/div><\/div><\/div><\/div><div class=\"ultp-block-item post-id-3884\"><div class=\"ultp-block-content-wrap ultp-block-content-overlay\"><div class=\"ultp-block-image ultp-block-image-zoomOut ultp-block-image-overlay ultp-block-image-flat\"><a href=\"https:\/\/creg.i3a.es\/es\/biorreactores-de-membrana-sostenibles-y-competitivos-para-tratamientos-de-aguas-residuales-rebiable\/\" ><img decoding=\"async\"  alt=\"Membrane bioreactors sustainable and competitive for the treatment of waste water. REBIABLE\"  src=\"https:\/\/creg.i3a.es\/wp-content\/uploads\/2023\/09\/Fondo-proyecto-870x570.png\" \/><\/a><\/div><div class=\"ultp-block-content ultp-block-content-middlePosition\"><div class=\"ultp-block-content-inner\"><h3 class=\"ultp-block-title\"><a href=\"https:\/\/creg.i3a.es\/es\/biorreactores-de-membrana-sostenibles-y-competitivos-para-tratamientos-de-aguas-residuales-rebiable\/\" >Biorreactores de membrana sostenibles y competitivos para tratamientos de aguas residuales. - REBIABLE<\/a><\/h3><div class=\"ultp-block-excerpt\">2015-2019<\/div><\/div><\/div><\/div><\/div><div class=\"ultp-block-item post-id-3969\"><div class=\"ultp-block-content-wrap ultp-block-content-overlay\"><div class=\"ultp-block-image ultp-block-image-zoomOut ultp-block-image-overlay ultp-block-image-flat\"><a href=\"https:\/\/creg.i3a.es\/es\/biogas-dry-reforming-process-intensification-for-energy-biorefiner\/\" ><img decoding=\"async\"  alt=\"Biogas dry reforming: process intensification for energy. BIOREFINER\"  src=\"https:\/\/creg.i3a.es\/wp-content\/uploads\/2023\/09\/Fondo-proyecto-870x570.png\" \/><\/a><\/div><div class=\"ultp-block-content ultp-block-content-middlePosition\"><div class=\"ultp-block-content-inner\"><h3 class=\"ultp-block-title\"><a href=\"https:\/\/creg.i3a.es\/es\/biogas-dry-reforming-process-intensification-for-energy-biorefiner\/\" >Reformado seco de biogas: intensificaci\u00f3n del proceso con fines energ\u00e9ticos - BIOREFINER<\/a><\/h3><div class=\"ultp-block-excerpt\">2014-2017<\/div><\/div><\/div><\/div><\/div><\/div><\/div><div class=\"pagination-block-html\" aria-hidden=\"true\" style=\"display: none;\"><\/div><\/div>","protected":false},"excerpt":{"rendered":"","protected":false},"author":1,"featured_media":0,"parent":0,"menu_order":0,"comment_status":"closed","ping_status":"closed","template":"","meta":{"footnotes":""},"class_list":["post-3385","page","type-page","status-publish"],"_links":{"self":[{"href":"https:\/\/creg.i3a.es\/es\/wp-json\/wp\/v2\/pages\/3385","targetHints":{"allow":["GET"]}}],"collection":[{"href":"https:\/\/creg.i3a.es\/es\/wp-json\/wp\/v2\/pages"}],"about":[{"href":"https:\/\/creg.i3a.es\/es\/wp-json\/wp\/v2\/types\/page"}],"author":[{"embeddable":true,"href":"https:\/\/creg.i3a.es\/es\/wp-json\/wp\/v2\/users\/1"}],"replies":[{"embeddable":true,"href":"https:\/\/creg.i3a.es\/es\/wp-json\/wp\/v2\/comments?post=3385"}],"version-history":[{"count":15,"href":"https:\/\/creg.i3a.es\/es\/wp-json\/wp\/v2\/pages\/3385\/revisions"}],"predecessor-version":[{"id":4650,"href":"https:\/\/creg.i3a.es\/es\/wp-json\/wp\/v2\/pages\/3385\/revisions\/4650"}],"wp:attachment":[{"href":"https:\/\/creg.i3a.es\/es\/wp-json\/wp\/v2\/media?parent=3385"}],"curies":[{"name":"wp","href":"https:\/\/api.w.org\/{rel}","templated":true}]}}