{"id":3503,"date":"2022-03-31T13:05:52","date_gmt":"2022-03-31T11:05:52","guid":{"rendered":"https:\/\/wppruebas.i3a.es\/?page_id=3503"},"modified":"2023-10-03T10:21:23","modified_gmt":"2023-10-03T08:21:23","slug":"in-progress-projects","status":"publish","type":"page","link":"https:\/\/creg.i3a.es\/es\/in-progress-projects\/","title":{"rendered":"Protectos activos"},"content":{"rendered":"<div id=\"pl-gb3503-69dddd4f3ea48\"  class=\"panel-layout\" ><div id=\"pg-gb3503-69dddd4f3ea48-0\"  class=\"panel-grid panel-has-style\" ><div class=\"siteorigin-panels-stretch panel-row-style panel-row-style-for-gb3503-69dddd4f3ea48-0\" data-stretch-type=\"full-width-stretch\" ><div id=\"pgc-gb3503-69dddd4f3ea48-0-0\"  class=\"panel-grid-cell\" ><div id=\"panel-gb3503-69dddd4f3ea48-0-0-0\" class=\"so-panel widget widget_sow-hero panel-first-child panel-last-child\" data-index=\"0\" ><div\n\t\t\t\n\t\t\tclass=\"so-widget-sow-hero so-widget-sow-hero-default-277c047652f8-3503 so-widget-fittext-wrapper\"\n\t\t\t data-fit-text-compressor=\"0.85\"\n\t\t>\t\t\t\t<div class=\"sow-slider-base\" style=\"display: none\" tabindex=\"0\">\n\t\t\t\t\t<ul\n\t\t\t\t\tclass=\"sow-slider-images\"\n\t\t\t\t\tdata-settings=\"{&quot;pagination&quot;:true,&quot;speed&quot;:800,&quot;timeout&quot;:8000,&quot;paused&quot;:false,&quot;pause_on_hover&quot;:false,&quot;swipe&quot;:true,&quot;nav_always_show_desktop&quot;:&quot;&quot;,&quot;nav_always_show_mobile&quot;:&quot;&quot;,&quot;breakpoint&quot;:&quot;780px&quot;,&quot;unmute&quot;:false,&quot;anchor&quot;:null}\"\n\t\t\t\t\t\t\t\t\t\tdata-anchor-id=\"\"\n\t\t\t\t>\t\t<li class=\"sow-slider-image  sow-slider-image-cover\" style=\"visibility: visible;;background-color: #333333;background-image: url(https:\/\/creg.i3a.es\/wp-content\/uploads\/2023\/09\/fondo-creg-scaled.jpg)\" >\n\t\t\t\t\t<div class=\"sow-slider-image-container\">\n\t\t\t<div class=\"sow-slider-image-wrapper\">\n\t\t\t\t<h1 style=\"text-align: center\"><strong>Proyectos<\/strong><\/h1>\n\t\t\t<\/div>\n\t\t<\/div>\n\t\t\t\t<\/li>\n\t\t<\/ul>\t\t\t\t<ol class=\"sow-slider-pagination\">\n\t\t\t\t\t\t\t\t\t\t\t<li><a href=\"#\" data-goto=\"0\" aria-label=\"mostrar diapositiva 1\"><\/a><\/li>\n\t\t\t\t\t\t\t\t\t<\/ol>\n\n\t\t\t\t<div class=\"sow-slide-nav sow-slide-nav-next\">\n\t\t\t\t\t<a href=\"#\" data-goto=\"next\" aria-label=\"diapositiva siguiente\" data-action=\"next\">\n\t\t\t\t\t\t<em class=\"sow-sld-icon-thin-right\"><\/em>\n\t\t\t\t\t<\/a>\n\t\t\t\t<\/div>\n\n\t\t\t\t<div class=\"sow-slide-nav sow-slide-nav-prev\">\n\t\t\t\t\t<a href=\"#\" data-goto=\"previous\" aria-label=\"diapositiva anterior\" data-action=\"prev\">\n\t\t\t\t\t\t<em class=\"sow-sld-icon-thin-left\"><\/em>\n\t\t\t\t\t<\/a>\n\t\t\t\t<\/div>\n\t\t\t\t<\/div><\/div><\/div><\/div><\/div><\/div><\/div>\n\n<div  class=\"ultp-post-grid-block wp-block-ultimate-post-post-grid-2 ultp-block-dc6a64\"><div class=\"ultp-block-wrapper\"><div class=\"ultp-loading\"><div class=\"ultp-loading-blocks\" style=\"width:100%;height:100%;\"><div style=\"left: 0;top: 0;animation-delay:0s;\"><\/div><div style=\"left: 21px;top: 0;animation-delay:0.125s;\"><\/div><div style=\"left: 42px;top: 0;animation-delay:0.25s;\"><\/div><div style=\"left: 0;top: 21px;animation-delay:0.875s;\"><\/div><div style=\"left: 42px;top: 21px;animation-delay:0.375s;\"><\/div><div style=\"left: 0;top: 42px;animation-delay:0.75s;\"><\/div><div style=\"left: 42px;top: 42px;animation-delay:0.625s;\"><\/div><div style=\"left: 21px;top: 42px;animation-delay:0.5s;\"><\/div><\/div><\/div><div class=\"ultp-heading-filter\"><div class=\"ultp-heading-filter-in\"><div class=\"ultp-heading-wrap ultp-heading-style1 ultp-heading-left\"><h2 class=\"ultp-heading-inner\"><span>Activos<\/span><\/h2><\/div><\/div><\/div><div class=\"ultp-block-items-wrap ultp-block-row\"><div class=\"ultp-block-item post-id-5241\"><div class=\"ultp-block-content-wrap ultp-block-content-overlay\"><div class=\"ultp-block-image ultp-block-image-zoomOut ultp-block-image-overlay ultp-block-image-flat\"><a href=\"https:\/\/creg.i3a.es\/es\/application-of-renewable-hydrogen-for-biomethane-production-h4biomet\/\" ><img decoding=\"async\"  alt=\"Application of Renewable Hydrogen for Biomethane Production (H4BIOMET)\"  src=\"https:\/\/creg.i3a.es\/wp-content\/uploads\/2023\/09\/Fondo-proyecto-870x570.png\" \/><\/a><\/div><div class=\"ultp-block-content ultp-block-content-middlePosition\"><div class=\"ultp-block-content-inner\"><h3 class=\"ultp-block-title\"><a href=\"https:\/\/creg.i3a.es\/es\/application-of-renewable-hydrogen-for-biomethane-production-h4biomet\/\" >Aplicaci\u00f3n de Hidr\u00f3geno Renovable para la Producci\u00f3n de Biometano (H4BIOMET)<\/a><\/h3><div class=\"ultp-block-excerpt\">2024-2027<\/div><\/div><\/div><\/div><\/div><div class=\"ultp-block-item post-id-4240\"><div class=\"ultp-block-content-wrap ultp-block-content-overlay\"><div class=\"ultp-block-image ultp-block-image-zoomOut ultp-block-image-overlay ultp-block-image-flat\"><a href=\"https:\/\/creg.i3a.es\/es\/2023-2026-use-of-co2-and-h2-to-produce-methanol-via-sorption-enhanced-reactors-co2ser\/\" ><img decoding=\"async\"  alt=\"Use of CO2\u00a0and H2\u00a0to produce methanol via Sorption Enhanced Reactors (CO2SER)\"  src=\"https:\/\/creg.i3a.es\/wp-content\/uploads\/2023\/09\/Fondo-proyecto-870x570.png\" \/><\/a><\/div><div class=\"ultp-block-content ultp-block-content-middlePosition\"><div class=\"ultp-block-content-inner\"><h3 class=\"ultp-block-title\"><a href=\"https:\/\/creg.i3a.es\/es\/2023-2026-use-of-co2-and-h2-to-produce-methanol-via-sorption-enhanced-reactors-co2ser\/\" >Uso de CO<sub>2<\/sub> e  H<sub>2<\/sub> para producir metanol v\u00eda Reactores Mejorados de Adsorci\u00f3n (CO2SER)<\/a><\/h3><div class=\"ultp-block-excerpt\">2023-2026<\/div><\/div><\/div><\/div><\/div><div class=\"ultp-block-item post-id-4399\"><div class=\"ultp-block-content-wrap ultp-block-content-overlay\"><div class=\"ultp-block-image ultp-block-image-zoomOut ultp-block-image-overlay ultp-block-image-flat\"><a href=\"https:\/\/creg.i3a.es\/es\/2023-2026-energy-harvesting-from-biogas-and-renewable-hydrogen-intensified-through-tri-functional-solids-and-unconventional-reactor-configurations-ebhuc\/\" ><img decoding=\"async\"  alt=\"Energy harvesting from Biogas and renewable Hydrogen intensified through tri-functional solids and Unconventional reactor Configurations (EBHUC)\"  src=\"https:\/\/creg.i3a.es\/wp-content\/uploads\/2023\/09\/Fondo-proyecto-870x570.png\" \/><\/a><\/div><div class=\"ultp-block-content ultp-block-content-middlePosition\"><div class=\"ultp-block-content-inner\"><h3 class=\"ultp-block-title\"><a href=\"https:\/\/creg.i3a.es\/es\/2023-2026-energy-harvesting-from-biogas-and-renewable-hydrogen-intensified-through-tri-functional-solids-and-unconventional-reactor-configurations-ebhuc\/\" >Explotaci\u00f3n energ\u00e9tica de biog\u00e1s e hidr\u00f3geno renovable intensificada a trav\u00e9s de materiales tri-funcionales y configuraciones de reactor no convencionales (EBHUC)<\/a><\/h3><div class=\"ultp-block-excerpt\">2023-2026<\/div><\/div><\/div><\/div><\/div><div class=\"ultp-block-item post-id-3892\"><div class=\"ultp-block-content-wrap ultp-block-content-overlay\"><div class=\"ultp-block-image ultp-block-image-zoomOut ultp-block-image-overlay ultp-block-image-flat\"><a href=\"https:\/\/creg.i3a.es\/es\/colaboracion-en-investigacion-sobre-aprovechamiento-de-co2\/\" ><img decoding=\"async\"  alt=\"Collaboration in CO2\u00a0upgrading research\"  src=\"https:\/\/creg.i3a.es\/wp-content\/uploads\/2023\/09\/Fondo-proyecto-870x570.png\" \/><\/a><\/div><div class=\"ultp-block-content ultp-block-content-middlePosition\"><div class=\"ultp-block-content-inner\"><h3 class=\"ultp-block-title\"><a href=\"https:\/\/creg.i3a.es\/es\/colaboracion-en-investigacion-sobre-aprovechamiento-de-co2\/\" >Colaboraci\u00f3n en Investigaci\u00f3n sobre Aprovechamiento de CO<sub>2<\/sub><\/a><\/h3><div class=\"ultp-block-excerpt\">2022-2026<\/div><\/div><\/div><\/div><\/div><div class=\"ultp-block-item post-id-4287\"><div class=\"ultp-block-content-wrap ultp-block-content-overlay\"><div class=\"ultp-block-image ultp-block-image-zoomOut ultp-block-image-overlay ultp-block-image-flat\"><a href=\"https:\/\/creg.i3a.es\/es\/2022-2025-convenio-de-colaboracion-entre-el-gobierno-de-aragon-el-instituto-tecnologico-de-aragon-la-fundacion-para-el-desarrollo-de-las-nuevas-tecnologias-del-hidrogeno-y-la-universidad-de-zaragoz\/\" ><img decoding=\"async\"  alt=\"Energy and Renewable Hydrogen Complementary Plan: LA4.A1 Production of Synthetic Natural Gas from Biogas\"  src=\"https:\/\/creg.i3a.es\/wp-content\/uploads\/2023\/09\/Fondo-proyecto-870x570.png\" \/><\/a><\/div><div class=\"ultp-block-content ultp-block-content-middlePosition\"><div class=\"ultp-block-content-inner\"><h3 class=\"ultp-block-title\"><a href=\"https:\/\/creg.i3a.es\/es\/2022-2025-convenio-de-colaboracion-entre-el-gobierno-de-aragon-el-instituto-tecnologico-de-aragon-la-fundacion-para-el-desarrollo-de-las-nuevas-tecnologias-del-hidrogeno-y-la-universidad-de-zaragoz\/\" >Plan Complementario de Energ\u00eda e Hidr\u00f3geno Renovable: LA4.A1. Producci\u00f3n de Gas Natural Sint\u00e9tico a partir de Biog\u00e1s<\/a><\/h3><div class=\"ultp-block-excerpt\">2022-2025<\/div><\/div><\/div><\/div><\/div><\/div><\/div><div class=\"pagination-block-html\" aria-hidden=\"true\" style=\"display: none;\"><\/div><\/div>","protected":false},"excerpt":{"rendered":"","protected":false},"author":1,"featured_media":0,"parent":0,"menu_order":0,"comment_status":"closed","ping_status":"closed","template":"","meta":{"footnotes":""},"class_list":["post-3503","page","type-page","status-publish"],"_links":{"self":[{"href":"https:\/\/creg.i3a.es\/es\/wp-json\/wp\/v2\/pages\/3503","targetHints":{"allow":["GET"]}}],"collection":[{"href":"https:\/\/creg.i3a.es\/es\/wp-json\/wp\/v2\/pages"}],"about":[{"href":"https:\/\/creg.i3a.es\/es\/wp-json\/wp\/v2\/types\/page"}],"author":[{"embeddable":true,"href":"https:\/\/creg.i3a.es\/es\/wp-json\/wp\/v2\/users\/1"}],"replies":[{"embeddable":true,"href":"https:\/\/creg.i3a.es\/es\/wp-json\/wp\/v2\/comments?post=3503"}],"version-history":[{"count":9,"href":"https:\/\/creg.i3a.es\/es\/wp-json\/wp\/v2\/pages\/3503\/revisions"}],"predecessor-version":[{"id":4657,"href":"https:\/\/creg.i3a.es\/es\/wp-json\/wp\/v2\/pages\/3503\/revisions\/4657"}],"wp:attachment":[{"href":"https:\/\/creg.i3a.es\/es\/wp-json\/wp\/v2\/media?parent=3503"}],"curies":[{"name":"wp","href":"https:\/\/api.w.org\/{rel}","templated":true}]}}