{"id":3527,"date":"2022-04-01T13:14:29","date_gmt":"2022-04-01T11:14:29","guid":{"rendered":"https:\/\/wppruebas.i3a.es\/?page_id=3527"},"modified":"2023-10-03T10:22:12","modified_gmt":"2023-10-03T08:22:12","slug":"international-projects","status":"publish","type":"page","link":"https:\/\/creg.i3a.es\/es\/international-projects\/","title":{"rendered":"Proyectos internacionales"},"content":{"rendered":"<div id=\"pl-gb3527-69dddb88990b4\"  class=\"panel-layout\" ><div id=\"pg-gb3527-69dddb88990b4-0\"  class=\"panel-grid panel-has-style\" ><div class=\"siteorigin-panels-stretch panel-row-style panel-row-style-for-gb3527-69dddb88990b4-0\" data-stretch-type=\"full-width-stretch\" ><div id=\"pgc-gb3527-69dddb88990b4-0-0\"  class=\"panel-grid-cell\" ><div id=\"panel-gb3527-69dddb88990b4-0-0-0\" class=\"so-panel widget widget_sow-hero panel-first-child panel-last-child\" data-index=\"0\" ><div\n\t\t\t\n\t\t\tclass=\"so-widget-sow-hero so-widget-sow-hero-default-277c047652f8-3527 so-widget-fittext-wrapper\"\n\t\t\t data-fit-text-compressor=\"0.85\"\n\t\t>\t\t\t\t<div class=\"sow-slider-base\" style=\"display: none\" tabindex=\"0\">\n\t\t\t\t\t<ul\n\t\t\t\t\tclass=\"sow-slider-images\"\n\t\t\t\t\tdata-settings=\"{&quot;pagination&quot;:true,&quot;speed&quot;:800,&quot;timeout&quot;:8000,&quot;paused&quot;:false,&quot;pause_on_hover&quot;:false,&quot;swipe&quot;:true,&quot;nav_always_show_desktop&quot;:&quot;&quot;,&quot;nav_always_show_mobile&quot;:&quot;&quot;,&quot;breakpoint&quot;:&quot;780px&quot;,&quot;unmute&quot;:false,&quot;anchor&quot;:null}\"\n\t\t\t\t\t\t\t\t\t\tdata-anchor-id=\"\"\n\t\t\t\t>\t\t<li class=\"sow-slider-image  sow-slider-image-cover\" style=\"visibility: visible;;background-color: #333333;background-image: url(https:\/\/creg.i3a.es\/wp-content\/uploads\/2023\/09\/fondo-creg-scaled.jpg)\" >\n\t\t\t\t\t<div class=\"sow-slider-image-container\">\n\t\t\t<div class=\"sow-slider-image-wrapper\">\n\t\t\t\t<h1 style=\"text-align: center\"><strong>Proyectos<\/strong><\/h1>\n\t\t\t<\/div>\n\t\t<\/div>\n\t\t\t\t<\/li>\n\t\t<\/ul>\t\t\t\t<ol class=\"sow-slider-pagination\">\n\t\t\t\t\t\t\t\t\t\t\t<li><a href=\"#\" data-goto=\"0\" aria-label=\"mostrar diapositiva 1\"><\/a><\/li>\n\t\t\t\t\t\t\t\t\t<\/ol>\n\n\t\t\t\t<div class=\"sow-slide-nav sow-slide-nav-next\">\n\t\t\t\t\t<a href=\"#\" data-goto=\"next\" aria-label=\"diapositiva siguiente\" data-action=\"next\">\n\t\t\t\t\t\t<em class=\"sow-sld-icon-thin-right\"><\/em>\n\t\t\t\t\t<\/a>\n\t\t\t\t<\/div>\n\n\t\t\t\t<div class=\"sow-slide-nav sow-slide-nav-prev\">\n\t\t\t\t\t<a href=\"#\" data-goto=\"previous\" aria-label=\"diapositiva anterior\" data-action=\"prev\">\n\t\t\t\t\t\t<em class=\"sow-sld-icon-thin-left\"><\/em>\n\t\t\t\t\t<\/a>\n\t\t\t\t<\/div>\n\t\t\t\t<\/div><\/div><\/div><\/div><\/div><\/div><\/div>\n\n<div  class=\"ultp-post-grid-block wp-block-ultimate-post-post-grid-2 ultp-block-84e262\"><div class=\"ultp-block-wrapper\"><div class=\"ultp-loading\"><div class=\"ultp-loading-blocks\" style=\"width:100%;height:100%;\"><div style=\"left: 0;top: 0;animation-delay:0s;\"><\/div><div style=\"left: 21px;top: 0;animation-delay:0.125s;\"><\/div><div style=\"left: 42px;top: 0;animation-delay:0.25s;\"><\/div><div style=\"left: 0;top: 21px;animation-delay:0.875s;\"><\/div><div style=\"left: 42px;top: 21px;animation-delay:0.375s;\"><\/div><div style=\"left: 0;top: 42px;animation-delay:0.75s;\"><\/div><div style=\"left: 42px;top: 42px;animation-delay:0.625s;\"><\/div><div style=\"left: 21px;top: 42px;animation-delay:0.5s;\"><\/div><\/div><\/div><div class=\"ultp-heading-filter\"><div class=\"ultp-heading-filter-in\"><div class=\"ultp-heading-wrap ultp-heading-style1 ultp-heading-left\"><h2 class=\"ultp-heading-inner\"><span>Internacionales<\/span><\/h2><\/div><\/div><\/div><div class=\"ultp-block-items-wrap ultp-block-row\"><div class=\"ultp-block-item post-id-3964\"><div class=\"ultp-block-content-wrap ultp-block-content-overlay\"><div class=\"ultp-block-image ultp-block-image-zoomOut ultp-block-image-overlay ultp-block-image-flat\"><a href=\"https:\/\/creg.i3a.es\/es\/synthesis-and-application-of-catalysts-based-on-mn-cu-fe-and-ce-oxides-and-modified-clays-for-the-elimination-of-volatile-organic-compounds-n-hexane-and-ethylmethyl-ketone-mek\/\" ><img decoding=\"async\"  src=\"https:\/\/creg.i3a.es\/wp-content\/plugins\/ultimate-post\/assets\/img\/ultp-fallback-img.png\" alt=\"dummy-img\" \/><\/a><\/div><div class=\"ultp-block-content ultp-block-content-middlePosition\"><div class=\"ultp-block-content-inner\"><h3 class=\"ultp-block-title\"><a href=\"https:\/\/creg.i3a.es\/es\/synthesis-and-application-of-catalysts-based-on-mn-cu-fe-and-ce-oxides-and-modified-clays-for-the-elimination-of-volatile-organic-compounds-n-hexane-and-ethylmethyl-ketone-mek\/\" >S\u00edntesis y aplicaci\u00f3n de catalizadores basados en \u00f3xidos de Mn, Cu, Fe, Ce y arcillas modificadas en la eliminaci\u00f3n de compuestos org\u00e1nicos vol\u00e1tiles: n-hexano y etilmetilcetona (MEK)<\/a><\/h3><div class=\"ultp-block-excerpt\">2008<\/div><\/div><\/div><\/div><\/div><div class=\"ultp-block-item post-id-3967\"><div class=\"ultp-block-content-wrap ultp-block-content-overlay\"><div class=\"ultp-block-image ultp-block-image-zoomOut ultp-block-image-overlay ultp-block-image-flat\"><a href=\"https:\/\/creg.i3a.es\/es\/sintesis-y-aplicacion-de-arcillas-nanoestructuradas-pilaradas-con-al-y-ti-en-reacciones-de-combustion-de-compuestos-organicos-volatiles-covs\/\" ><img decoding=\"async\"  src=\"https:\/\/creg.i3a.es\/wp-content\/plugins\/ultimate-post\/assets\/img\/ultp-fallback-img.png\" alt=\"dummy-img\" \/><\/a><\/div><div class=\"ultp-block-content ultp-block-content-middlePosition\"><div class=\"ultp-block-content-inner\"><h3 class=\"ultp-block-title\"><a href=\"https:\/\/creg.i3a.es\/es\/sintesis-y-aplicacion-de-arcillas-nanoestructuradas-pilaradas-con-al-y-ti-en-reacciones-de-combustion-de-compuestos-organicos-volatiles-covs\/\" >S\u00edntesis y aplicaci\u00f3n de arcillas nanoestructuradas pilaradas con Al y Ti en reacciones de combusti\u00f3n de compuestos org\u00e1nicos vol\u00e1tiles (COV\u2019s)<\/a><\/h3><div class=\"ultp-block-excerpt\">2008<\/div><\/div><\/div><\/div><\/div><div class=\"ultp-block-item post-id-3957\"><div class=\"ultp-block-content-wrap ultp-block-content-overlay\"><div class=\"ultp-block-image ultp-block-image-zoomOut ultp-block-image-overlay ultp-block-image-flat\"><a href=\"https:\/\/creg.i3a.es\/es\/sintesis-y-aplicacion-de-catalizadores-basados-en-oxidos-de-mn-cu-fe-y-ce-y-arcillas-modificadas-para-la-eliminacion-de-compuestos-organicos-volatiles-n-hexano-y-etilmetilcetona\/\" ><img decoding=\"async\"  src=\"https:\/\/creg.i3a.es\/wp-content\/plugins\/ultimate-post\/assets\/img\/ultp-fallback-img.png\" alt=\"dummy-img\" \/><\/a><\/div><div class=\"ultp-block-content ultp-block-content-middlePosition\"><div class=\"ultp-block-content-inner\"><h3 class=\"ultp-block-title\"><a href=\"https:\/\/creg.i3a.es\/es\/sintesis-y-aplicacion-de-catalizadores-basados-en-oxidos-de-mn-cu-fe-y-ce-y-arcillas-modificadas-para-la-eliminacion-de-compuestos-organicos-volatiles-n-hexano-y-etilmetilcetona\/\" >S\u00edntesis y aplicaci\u00f3n de catalizadores basados en \u00f3xidos de Mn, Cu, Fe y Ce y arcillas modificadas para la eliminaci\u00f3n de compuestos org\u00e1nicos vol\u00e1tiles: n-hexano y etilmetilcetona<\/a><\/h3><div class=\"ultp-block-excerpt\">2007<\/div><\/div><\/div><\/div><\/div><div class=\"ultp-block-item post-id-3959\"><div class=\"ultp-block-content-wrap ultp-block-content-overlay\"><div class=\"ultp-block-image ultp-block-image-zoomOut ultp-block-image-overlay ultp-block-image-flat\"><a href=\"https:\/\/creg.i3a.es\/es\/sintesis-y-aplicacion-de-catalizadores-basados-en-oxidos-de-mn-cu-fe-ce-y-arcillas-modificadas-en-la-eliminacion-de-compuestos-organicos-volatiles-n-hexano-y-etilmetilcetona-mek-2\/\" ><img decoding=\"async\"  src=\"https:\/\/creg.i3a.es\/wp-content\/plugins\/ultimate-post\/assets\/img\/ultp-fallback-img.png\" alt=\"dummy-img\" \/><\/a><\/div><div class=\"ultp-block-content ultp-block-content-middlePosition\"><div class=\"ultp-block-content-inner\"><h3 class=\"ultp-block-title\"><a href=\"https:\/\/creg.i3a.es\/es\/sintesis-y-aplicacion-de-catalizadores-basados-en-oxidos-de-mn-cu-fe-ce-y-arcillas-modificadas-en-la-eliminacion-de-compuestos-organicos-volatiles-n-hexano-y-etilmetilcetona-mek-2\/\" >S\u00edntesis y aplicaci\u00f3n de catalizadores basados en \u00f3xidos de Mn, Cu, Fe, Ce y arcillas modificadas en la eliminaci\u00f3n de compuestos org\u00e1nicos vol\u00e1tiles: n-hexano y etilmetilcetona (MEK)<\/a><\/h3><div class=\"ultp-block-excerpt\">2007<\/div><\/div><\/div><\/div><\/div><div class=\"ultp-block-item post-id-4267\"><div class=\"ultp-block-content-wrap ultp-block-content-overlay\"><div class=\"ultp-block-image ultp-block-image-zoomOut ultp-block-image-overlay ultp-block-image-flat\"><a href=\"https:\/\/creg.i3a.es\/es\/2007-2010-soluciones-a-la-produccion-de-hidrogeno-energetico-y-reconversion-asociada-proyecto-sphera\/\" ><img decoding=\"async\"  src=\"https:\/\/creg.i3a.es\/wp-content\/plugins\/ultimate-post\/assets\/img\/ultp-fallback-img.png\" alt=\"dummy-img\" \/><\/a><\/div><div class=\"ultp-block-content ultp-block-content-middlePosition\"><div class=\"ultp-block-content-inner\"><h3 class=\"ultp-block-title\"><a href=\"https:\/\/creg.i3a.es\/es\/2007-2010-soluciones-a-la-produccion-de-hidrogeno-energetico-y-reconversion-asociada-proyecto-sphera\/\" >Soluciones a la producci\u00f3n de hidr\u00f3geno energ\u00e9tico y reconversi\u00f3n asociada \u2013Proyecto SPHERA<\/a><\/h3><div class=\"ultp-block-excerpt\">2007-2010<\/div><\/div><\/div><\/div><\/div><div class=\"ultp-block-item post-id-3953\"><div class=\"ultp-block-content-wrap ultp-block-content-overlay\"><div class=\"ultp-block-image ultp-block-image-zoomOut ultp-block-image-overlay ultp-block-image-flat\"><a href=\"https:\/\/creg.i3a.es\/es\/eliminacion-de-compuestos-organicos-volatiles-sobre-catalizadores-basados-en-oxidos-de-mn-cu-y-fe-y-arcillas-activadas\/\" ><img decoding=\"async\"  src=\"https:\/\/creg.i3a.es\/wp-content\/plugins\/ultimate-post\/assets\/img\/ultp-fallback-img.png\" alt=\"dummy-img\" \/><\/a><\/div><div class=\"ultp-block-content ultp-block-content-middlePosition\"><div class=\"ultp-block-content-inner\"><h3 class=\"ultp-block-title\"><a href=\"https:\/\/creg.i3a.es\/es\/eliminacion-de-compuestos-organicos-volatiles-sobre-catalizadores-basados-en-oxidos-de-mn-cu-y-fe-y-arcillas-activadas\/\" >Eliminaci\u00f3n de compuestos org\u00e1nicos vol\u00e1tiles sobre catalizadores basados en \u00f3xidos de Mn, Cu y Fe y arcillas activadas<\/a><\/h3><div class=\"ultp-block-excerpt\">2006<\/div><\/div><\/div><\/div><\/div><div class=\"ultp-block-item post-id-3955\"><div class=\"ultp-block-content-wrap ultp-block-content-overlay\"><div class=\"ultp-block-image ultp-block-image-zoomOut ultp-block-image-overlay ultp-block-image-flat\"><a href=\"https:\/\/creg.i3a.es\/es\/sintesis-y-aplicacion-de-catalizadores-basados-en-oxidos-de-mn-cu-fe-ce-y-arcillas-modificadas-en-la-eliminacion-de-compuestos-organicos-volatiles-n-hexano-y-etilmetilcetona-mek\/\" ><img decoding=\"async\"  src=\"https:\/\/creg.i3a.es\/wp-content\/plugins\/ultimate-post\/assets\/img\/ultp-fallback-img.png\" alt=\"dummy-img\" \/><\/a><\/div><div class=\"ultp-block-content ultp-block-content-middlePosition\"><div class=\"ultp-block-content-inner\"><h3 class=\"ultp-block-title\"><a href=\"https:\/\/creg.i3a.es\/es\/sintesis-y-aplicacion-de-catalizadores-basados-en-oxidos-de-mn-cu-fe-ce-y-arcillas-modificadas-en-la-eliminacion-de-compuestos-organicos-volatiles-n-hexano-y-etilmetilcetona-mek\/\" >S\u00edntesis y aplicaci\u00f3n de catalizadores basados en \u00f3xidos de Mn, Cu, Fe, Ce y arcillas modificadas en la eliminaci\u00f3n de compuestos org\u00e1nicos vol\u00e1tiles: n-Hexano y Etilmetilcetona (MEK)<\/a><\/h3><div class=\"ultp-block-excerpt\">2006-2007<\/div><\/div><\/div><\/div><\/div><div class=\"ultp-block-item post-id-3946\"><div class=\"ultp-block-content-wrap ultp-block-content-overlay\"><div class=\"ultp-block-image ultp-block-image-zoomOut ultp-block-image-overlay ultp-block-image-flat\"><a href=\"https:\/\/creg.i3a.es\/es\/catalytic-materials\/\" ><img decoding=\"async\"  src=\"https:\/\/creg.i3a.es\/wp-content\/plugins\/ultimate-post\/assets\/img\/ultp-fallback-img.png\" alt=\"dummy-img\" \/><\/a><\/div><div class=\"ultp-block-content ultp-block-content-middlePosition\"><div class=\"ultp-block-content-inner\"><h3 class=\"ultp-block-title\"><a href=\"https:\/\/creg.i3a.es\/es\/catalytic-materials\/\" >Materiales Catal\u00edticos<\/a><\/h3><div class=\"ultp-block-excerpt\">2002-2003<\/div><\/div><\/div><\/div><\/div><\/div><\/div><div class=\"pagination-block-html\" aria-hidden=\"true\" style=\"display: none;\"><\/div><\/div>","protected":false},"excerpt":{"rendered":"","protected":false},"author":1,"featured_media":0,"parent":0,"menu_order":0,"comment_status":"closed","ping_status":"closed","template":"","meta":{"footnotes":""},"class_list":["post-3527","page","type-page","status-publish"],"_links":{"self":[{"href":"https:\/\/creg.i3a.es\/es\/wp-json\/wp\/v2\/pages\/3527","targetHints":{"allow":["GET"]}}],"collection":[{"href":"https:\/\/creg.i3a.es\/es\/wp-json\/wp\/v2\/pages"}],"about":[{"href":"https:\/\/creg.i3a.es\/es\/wp-json\/wp\/v2\/types\/page"}],"author":[{"embeddable":true,"href":"https:\/\/creg.i3a.es\/es\/wp-json\/wp\/v2\/users\/1"}],"replies":[{"embeddable":true,"href":"https:\/\/creg.i3a.es\/es\/wp-json\/wp\/v2\/comments?post=3527"}],"version-history":[{"count":7,"href":"https:\/\/creg.i3a.es\/es\/wp-json\/wp\/v2\/pages\/3527\/revisions"}],"predecessor-version":[{"id":4659,"href":"https:\/\/creg.i3a.es\/es\/wp-json\/wp\/v2\/pages\/3527\/revisions\/4659"}],"wp:attachment":[{"href":"https:\/\/creg.i3a.es\/es\/wp-json\/wp\/v2\/media?parent=3527"}],"curies":[{"name":"wp","href":"https:\/\/api.w.org\/{rel}","templated":true}]}}