{"id":3535,"date":"2022-04-01T13:17:44","date_gmt":"2022-04-01T11:17:44","guid":{"rendered":"https:\/\/wppruebas.i3a.es\/?page_id=3535"},"modified":"2023-10-03T10:22:59","modified_gmt":"2023-10-03T08:22:59","slug":"private-projects","status":"publish","type":"page","link":"https:\/\/creg.i3a.es\/es\/private-projects\/","title":{"rendered":"Proyectos privados"},"content":{"rendered":"<div id=\"pl-gb3535-69dddb899bb67\"  class=\"panel-layout\" ><div id=\"pg-gb3535-69dddb899bb67-0\"  class=\"panel-grid panel-has-style\" ><div class=\"siteorigin-panels-stretch panel-row-style panel-row-style-for-gb3535-69dddb899bb67-0\" data-stretch-type=\"full-width-stretch\" ><div id=\"pgc-gb3535-69dddb899bb67-0-0\"  class=\"panel-grid-cell\" ><div id=\"panel-gb3535-69dddb899bb67-0-0-0\" class=\"so-panel widget widget_sow-hero panel-first-child panel-last-child\" data-index=\"0\" ><div\n\t\t\t\n\t\t\tclass=\"so-widget-sow-hero so-widget-sow-hero-default-277c047652f8-3535 so-widget-fittext-wrapper\"\n\t\t\t data-fit-text-compressor=\"0.85\"\n\t\t>\t\t\t\t<div class=\"sow-slider-base\" style=\"display: none\" tabindex=\"0\">\n\t\t\t\t\t<ul\n\t\t\t\t\tclass=\"sow-slider-images\"\n\t\t\t\t\tdata-settings=\"{&quot;pagination&quot;:true,&quot;speed&quot;:800,&quot;timeout&quot;:8000,&quot;paused&quot;:false,&quot;pause_on_hover&quot;:false,&quot;swipe&quot;:true,&quot;nav_always_show_desktop&quot;:&quot;&quot;,&quot;nav_always_show_mobile&quot;:&quot;&quot;,&quot;breakpoint&quot;:&quot;780px&quot;,&quot;unmute&quot;:false,&quot;anchor&quot;:null}\"\n\t\t\t\t\t\t\t\t\t\tdata-anchor-id=\"\"\n\t\t\t\t>\t\t<li class=\"sow-slider-image  sow-slider-image-cover\" style=\"visibility: visible;;background-color: #333333;background-image: url(https:\/\/creg.i3a.es\/wp-content\/uploads\/2023\/09\/fondo-creg-scaled.jpg)\" >\n\t\t\t\t\t<div class=\"sow-slider-image-container\">\n\t\t\t<div class=\"sow-slider-image-wrapper\">\n\t\t\t\t<h1 style=\"text-align: center\"><strong>Proyectos<\/strong><\/h1>\n\t\t\t<\/div>\n\t\t<\/div>\n\t\t\t\t<\/li>\n\t\t<\/ul>\t\t\t\t<ol class=\"sow-slider-pagination\">\n\t\t\t\t\t\t\t\t\t\t\t<li><a href=\"#\" data-goto=\"0\" aria-label=\"mostrar diapositiva 1\"><\/a><\/li>\n\t\t\t\t\t\t\t\t\t<\/ol>\n\n\t\t\t\t<div class=\"sow-slide-nav sow-slide-nav-next\">\n\t\t\t\t\t<a href=\"#\" data-goto=\"next\" aria-label=\"diapositiva siguiente\" data-action=\"next\">\n\t\t\t\t\t\t<em class=\"sow-sld-icon-thin-right\"><\/em>\n\t\t\t\t\t<\/a>\n\t\t\t\t<\/div>\n\n\t\t\t\t<div class=\"sow-slide-nav sow-slide-nav-prev\">\n\t\t\t\t\t<a href=\"#\" data-goto=\"previous\" aria-label=\"diapositiva anterior\" data-action=\"prev\">\n\t\t\t\t\t\t<em class=\"sow-sld-icon-thin-left\"><\/em>\n\t\t\t\t\t<\/a>\n\t\t\t\t<\/div>\n\t\t\t\t<\/div><\/div><\/div><\/div><\/div><\/div><\/div>\n\n<div  class=\"ultp-post-grid-block wp-block-ultimate-post-post-grid-2 ultp-block-bc4116\"><div class=\"ultp-block-wrapper\"><div class=\"ultp-loading\"><div class=\"ultp-loading-blocks\" style=\"width:100%;height:100%;\"><div style=\"left: 0;top: 0;animation-delay:0s;\"><\/div><div style=\"left: 21px;top: 0;animation-delay:0.125s;\"><\/div><div style=\"left: 42px;top: 0;animation-delay:0.25s;\"><\/div><div style=\"left: 0;top: 21px;animation-delay:0.875s;\"><\/div><div style=\"left: 42px;top: 21px;animation-delay:0.375s;\"><\/div><div style=\"left: 0;top: 42px;animation-delay:0.75s;\"><\/div><div style=\"left: 42px;top: 42px;animation-delay:0.625s;\"><\/div><div style=\"left: 21px;top: 42px;animation-delay:0.5s;\"><\/div><\/div><\/div><div class=\"ultp-heading-filter\"><div class=\"ultp-heading-filter-in\"><div class=\"ultp-heading-wrap ultp-heading-style1 ultp-heading-left\"><h2 class=\"ultp-heading-inner\"><span>Privados<\/span><\/h2><\/div><\/div><\/div><div class=\"ultp-block-items-wrap ultp-block-row\"><div class=\"ultp-block-item post-id-5241\"><div class=\"ultp-block-content-wrap ultp-block-content-overlay\"><div class=\"ultp-block-image ultp-block-image-zoomOut ultp-block-image-overlay ultp-block-image-flat\"><a href=\"https:\/\/creg.i3a.es\/es\/application-of-renewable-hydrogen-for-biomethane-production-h4biomet\/\" ><img decoding=\"async\"  alt=\"Application of Renewable Hydrogen for Biomethane Production (H4BIOMET)\"  src=\"https:\/\/creg.i3a.es\/wp-content\/uploads\/2023\/09\/Fondo-proyecto-870x570.png\" \/><\/a><\/div><div class=\"ultp-block-content ultp-block-content-middlePosition\"><div class=\"ultp-block-content-inner\"><h3 class=\"ultp-block-title\"><a href=\"https:\/\/creg.i3a.es\/es\/application-of-renewable-hydrogen-for-biomethane-production-h4biomet\/\" >Aplicaci\u00f3n de Hidr\u00f3geno Renovable para la Producci\u00f3n de Biometano (H4BIOMET)<\/a><\/h3><div class=\"ultp-block-excerpt\">2024-2027<\/div><\/div><\/div><\/div><\/div><div class=\"ultp-block-item post-id-3892\"><div class=\"ultp-block-content-wrap ultp-block-content-overlay\"><div class=\"ultp-block-image ultp-block-image-zoomOut ultp-block-image-overlay ultp-block-image-flat\"><a href=\"https:\/\/creg.i3a.es\/es\/colaboracion-en-investigacion-sobre-aprovechamiento-de-co2\/\" ><img decoding=\"async\"  alt=\"Collaboration in CO2\u00a0upgrading research\"  src=\"https:\/\/creg.i3a.es\/wp-content\/uploads\/2023\/09\/Fondo-proyecto-870x570.png\" \/><\/a><\/div><div class=\"ultp-block-content ultp-block-content-middlePosition\"><div class=\"ultp-block-content-inner\"><h3 class=\"ultp-block-title\"><a href=\"https:\/\/creg.i3a.es\/es\/colaboracion-en-investigacion-sobre-aprovechamiento-de-co2\/\" >Colaboraci\u00f3n en Investigaci\u00f3n sobre Aprovechamiento de CO<sub>2<\/sub><\/a><\/h3><div class=\"ultp-block-excerpt\">2022-2026<\/div><\/div><\/div><\/div><\/div><div class=\"ultp-block-item post-id-3894\"><div class=\"ultp-block-content-wrap ultp-block-content-overlay\"><div class=\"ultp-block-image ultp-block-image-zoomOut ultp-block-image-overlay ultp-block-image-flat\"><a href=\"https:\/\/creg.i3a.es\/es\/puesta-en-marcha-de-una-planta-para-ensayos-con-membranas\/\" ><img decoding=\"async\"  alt=\"Start-up operation of a plant for testing of membranes\"  src=\"https:\/\/creg.i3a.es\/wp-content\/uploads\/2023\/09\/Fondo-proyecto-870x570.png\" \/><\/a><\/div><div class=\"ultp-block-content ultp-block-content-middlePosition\"><div class=\"ultp-block-content-inner\"><h3 class=\"ultp-block-title\"><a href=\"https:\/\/creg.i3a.es\/es\/puesta-en-marcha-de-una-planta-para-ensayos-con-membranas\/\" >Puesta en marcha de una planta para ensayos con membranas<\/a><\/h3><div class=\"ultp-block-excerpt\">2019-2021<\/div><\/div><\/div><\/div><\/div><div class=\"ultp-block-item post-id-3896\"><div class=\"ultp-block-content-wrap ultp-block-content-overlay\"><div class=\"ultp-block-image ultp-block-image-zoomOut ultp-block-image-overlay ultp-block-image-flat\"><a href=\"https:\/\/creg.i3a.es\/es\/estudio-sobre-las-mejoras-en-la-produccion-de-silice-precipitada\/\" ><img decoding=\"async\"  alt=\"Study on improvements for the production of precipitated silica\"  src=\"https:\/\/creg.i3a.es\/wp-content\/uploads\/2023\/09\/Fondo-proyecto-870x570.png\" \/><\/a><\/div><div class=\"ultp-block-content ultp-block-content-middlePosition\"><div class=\"ultp-block-content-inner\"><h3 class=\"ultp-block-title\"><a href=\"https:\/\/creg.i3a.es\/es\/estudio-sobre-las-mejoras-en-la-produccion-de-silice-precipitada\/\" >Estudio sobre las mejoras en la producci\u00f3n de s\u00edlice precipitada<\/a><\/h3><div class=\"ultp-block-excerpt\">2018-2019<\/div><\/div><\/div><\/div><\/div><div class=\"ultp-block-item post-id-3898\"><div class=\"ultp-block-content-wrap ultp-block-content-overlay\"><div class=\"ultp-block-image ultp-block-image-zoomOut ultp-block-image-overlay ultp-block-image-flat\"><a href=\"https:\/\/creg.i3a.es\/es\/desarrollo-de-nanomateriales-silices-precipitadas-con-alta-capacidad-de-absorcion-silicatos-laminares-y-zeolitas-ii\/\" ><img decoding=\"async\"  alt=\"Development of nanomaterials: precipitated silica with high sorption capacity, laminar silicates and zeolites (II)\"  src=\"https:\/\/creg.i3a.es\/wp-content\/uploads\/2023\/09\/Fondo-proyecto-870x570.png\" \/><\/a><\/div><div class=\"ultp-block-content ultp-block-content-middlePosition\"><div class=\"ultp-block-content-inner\"><h3 class=\"ultp-block-title\"><a href=\"https:\/\/creg.i3a.es\/es\/desarrollo-de-nanomateriales-silices-precipitadas-con-alta-capacidad-de-absorcion-silicatos-laminares-y-zeolitas-ii\/\" >Desarrollo de nanomateriales: S\u00edlices precipitadas con alta capacidad de absorci\u00f3n, silicatos laminares y zeolitas (II)<\/a><\/h3><div class=\"ultp-block-excerpt\">2017-2018<\/div><\/div><\/div><\/div><\/div><div class=\"ultp-block-item post-id-3900\"><div class=\"ultp-block-content-wrap ultp-block-content-overlay\"><div class=\"ultp-block-image ultp-block-image-zoomOut ultp-block-image-overlay ultp-block-image-flat\"><a href=\"https:\/\/creg.i3a.es\/es\/desarrollo-de-nanomateriales-silices-precipitadas-con-alta-capacidad-de-absorcion-silicatos-laminares-y-zeolitas-i\/\" ><img decoding=\"async\"  alt=\"Development of nanomaterials: precipitated silica with high sorption capacity, laminar silicates and zeolites (I)\"  src=\"https:\/\/creg.i3a.es\/wp-content\/uploads\/2023\/09\/Fondo-proyecto-870x570.png\" \/><\/a><\/div><div class=\"ultp-block-content ultp-block-content-middlePosition\"><div class=\"ultp-block-content-inner\"><h3 class=\"ultp-block-title\"><a href=\"https:\/\/creg.i3a.es\/es\/desarrollo-de-nanomateriales-silices-precipitadas-con-alta-capacidad-de-absorcion-silicatos-laminares-y-zeolitas-i\/\" >Desarrollo de nanomateriales: S\u00edlices precipitadas con alta capacidad de absorci\u00f3n, silicatos laminares y zeolitas (I)<\/a><\/h3><div class=\"ultp-block-excerpt\">2014-2018<\/div><\/div><\/div><\/div><\/div><\/div><\/div><div class=\"pagination-block-html\" aria-hidden=\"true\" style=\"display: none;\"><\/div><\/div>","protected":false},"excerpt":{"rendered":"","protected":false},"author":1,"featured_media":0,"parent":0,"menu_order":0,"comment_status":"closed","ping_status":"closed","template":"","meta":{"footnotes":""},"class_list":["post-3535","page","type-page","status-publish"],"_links":{"self":[{"href":"https:\/\/creg.i3a.es\/es\/wp-json\/wp\/v2\/pages\/3535","targetHints":{"allow":["GET"]}}],"collection":[{"href":"https:\/\/creg.i3a.es\/es\/wp-json\/wp\/v2\/pages"}],"about":[{"href":"https:\/\/creg.i3a.es\/es\/wp-json\/wp\/v2\/types\/page"}],"author":[{"embeddable":true,"href":"https:\/\/creg.i3a.es\/es\/wp-json\/wp\/v2\/users\/1"}],"replies":[{"embeddable":true,"href":"https:\/\/creg.i3a.es\/es\/wp-json\/wp\/v2\/comments?post=3535"}],"version-history":[{"count":7,"href":"https:\/\/creg.i3a.es\/es\/wp-json\/wp\/v2\/pages\/3535\/revisions"}],"predecessor-version":[{"id":4662,"href":"https:\/\/creg.i3a.es\/es\/wp-json\/wp\/v2\/pages\/3535\/revisions\/4662"}],"wp:attachment":[{"href":"https:\/\/creg.i3a.es\/es\/wp-json\/wp\/v2\/media?parent=3535"}],"curies":[{"name":"wp","href":"https:\/\/api.w.org\/{rel}","templated":true}]}}