{"id":3537,"date":"2022-04-01T13:18:26","date_gmt":"2022-04-01T11:18:26","guid":{"rendered":"https:\/\/wppruebas.i3a.es\/?page_id=3537"},"modified":"2023-10-03T10:22:45","modified_gmt":"2023-10-03T08:22:45","slug":"regional-projects","status":"publish","type":"page","link":"https:\/\/creg.i3a.es\/es\/regional-projects\/","title":{"rendered":"Proyectos regionales"},"content":{"rendered":"<div id=\"pl-gb3537-69e6421a4e3f1\"  class=\"panel-layout\" ><div id=\"pg-gb3537-69e6421a4e3f1-0\"  class=\"panel-grid panel-has-style\" ><div class=\"siteorigin-panels-stretch panel-row-style panel-row-style-for-gb3537-69e6421a4e3f1-0\" data-stretch-type=\"full-width-stretch\" ><div id=\"pgc-gb3537-69e6421a4e3f1-0-0\"  class=\"panel-grid-cell\" ><div id=\"panel-gb3537-69e6421a4e3f1-0-0-0\" class=\"so-panel widget widget_sow-hero panel-first-child panel-last-child\" data-index=\"0\" ><div\n\t\t\t\n\t\t\tclass=\"so-widget-sow-hero so-widget-sow-hero-default-277c047652f8-3537 so-widget-fittext-wrapper\"\n\t\t\t data-fit-text-compressor=\"0.85\"\n\t\t>\t\t\t\t<div class=\"sow-slider-base\" style=\"display: none\" tabindex=\"0\">\n\t\t\t\t\t<ul\n\t\t\t\t\tclass=\"sow-slider-images\"\n\t\t\t\t\tdata-settings=\"{&quot;pagination&quot;:true,&quot;speed&quot;:800,&quot;timeout&quot;:8000,&quot;paused&quot;:false,&quot;pause_on_hover&quot;:false,&quot;swipe&quot;:true,&quot;nav_always_show_desktop&quot;:&quot;&quot;,&quot;nav_always_show_mobile&quot;:&quot;&quot;,&quot;breakpoint&quot;:&quot;780px&quot;,&quot;unmute&quot;:false,&quot;anchor&quot;:null}\"\n\t\t\t\t\t\t\t\t\t\tdata-anchor-id=\"\"\n\t\t\t\t>\t\t<li class=\"sow-slider-image  sow-slider-image-cover\" style=\"visibility: visible;;background-color: #333333;background-image: url(https:\/\/creg.i3a.es\/wp-content\/uploads\/2023\/09\/fondo-creg-scaled.jpg)\" >\n\t\t\t\t\t<div class=\"sow-slider-image-container\">\n\t\t\t<div class=\"sow-slider-image-wrapper\">\n\t\t\t\t<h1 style=\"text-align: center\"><strong>Proyectos<\/strong><\/h1>\n\t\t\t<\/div>\n\t\t<\/div>\n\t\t\t\t<\/li>\n\t\t<\/ul>\t\t\t\t<ol class=\"sow-slider-pagination\">\n\t\t\t\t\t\t\t\t\t\t\t<li><a href=\"#\" data-goto=\"0\" aria-label=\"mostrar diapositiva 1\"><\/a><\/li>\n\t\t\t\t\t\t\t\t\t<\/ol>\n\n\t\t\t\t<div class=\"sow-slide-nav sow-slide-nav-next\">\n\t\t\t\t\t<a href=\"#\" data-goto=\"next\" aria-label=\"diapositiva siguiente\" data-action=\"next\">\n\t\t\t\t\t\t<em class=\"sow-sld-icon-thin-right\"><\/em>\n\t\t\t\t\t<\/a>\n\t\t\t\t<\/div>\n\n\t\t\t\t<div class=\"sow-slide-nav sow-slide-nav-prev\">\n\t\t\t\t\t<a href=\"#\" data-goto=\"previous\" aria-label=\"diapositiva anterior\" data-action=\"prev\">\n\t\t\t\t\t\t<em class=\"sow-sld-icon-thin-left\"><\/em>\n\t\t\t\t\t<\/a>\n\t\t\t\t<\/div>\n\t\t\t\t<\/div><\/div><\/div><\/div><\/div><\/div><\/div>\n\n<div  class=\"ultp-post-grid-block wp-block-ultimate-post-post-grid-2 ultp-block-bc4b20\"><div class=\"ultp-block-wrapper\"><div class=\"ultp-loading\"><div class=\"ultp-loading-blocks\" style=\"width:100%;height:100%;\"><div style=\"left: 0;top: 0;animation-delay:0s;\"><\/div><div style=\"left: 21px;top: 0;animation-delay:0.125s;\"><\/div><div style=\"left: 42px;top: 0;animation-delay:0.25s;\"><\/div><div style=\"left: 0;top: 21px;animation-delay:0.875s;\"><\/div><div style=\"left: 42px;top: 21px;animation-delay:0.375s;\"><\/div><div style=\"left: 0;top: 42px;animation-delay:0.75s;\"><\/div><div style=\"left: 42px;top: 42px;animation-delay:0.625s;\"><\/div><div style=\"left: 21px;top: 42px;animation-delay:0.5s;\"><\/div><\/div><\/div><div class=\"ultp-heading-filter\"><div class=\"ultp-heading-filter-in\"><div class=\"ultp-heading-wrap ultp-heading-style1 ultp-heading-left\"><h2 class=\"ultp-heading-inner\"><span>Regionales<\/span><\/h2><\/div><\/div><\/div><div class=\"ultp-block-items-wrap ultp-block-row\"><div class=\"ultp-block-item post-id-3886\"><div class=\"ultp-block-content-wrap ultp-block-content-overlay\"><div class=\"ultp-block-image ultp-block-image-zoomOut ultp-block-image-overlay ultp-block-image-flat\"><a href=\"https:\/\/creg.i3a.es\/es\/diseno-y-montaje-de-una-planta-semipiloto\/\" ><img decoding=\"async\"  alt=\"Design and building of a semi-pilot plant\"  src=\"https:\/\/creg.i3a.es\/wp-content\/uploads\/2023\/09\/Fondo-proyecto-870x570.png\" \/><\/a><\/div><div class=\"ultp-block-content ultp-block-content-middlePosition\"><div class=\"ultp-block-content-inner\"><h3 class=\"ultp-block-title\"><a href=\"https:\/\/creg.i3a.es\/es\/diseno-y-montaje-de-una-planta-semipiloto\/\" >Dise\u00f1o y montaje de una planta semipiloto<\/a><\/h3><div class=\"ultp-block-excerpt\">2015-2016<\/div><\/div><\/div><\/div><\/div><div class=\"ultp-block-item post-id-4269\"><div class=\"ultp-block-content-wrap ultp-block-content-overlay\"><div class=\"ultp-block-image ultp-block-image-zoomOut ultp-block-image-overlay ultp-block-image-flat\"><a href=\"https:\/\/creg.i3a.es\/es\/2008-cromatografo-de-gases-para-analisis-de-corrientes-ricas-en-hidrogeno\/\" ><img decoding=\"async\"  alt=\"Gas chromatograph for the analysis of hydrogen rich streams\"  src=\"https:\/\/creg.i3a.es\/wp-content\/uploads\/2023\/09\/Fondo-proyecto-870x570.png\" \/><\/a><\/div><div class=\"ultp-block-content ultp-block-content-middlePosition\"><div class=\"ultp-block-content-inner\"><h3 class=\"ultp-block-title\"><a href=\"https:\/\/creg.i3a.es\/es\/2008-cromatografo-de-gases-para-analisis-de-corrientes-ricas-en-hidrogeno\/\" >Cromat\u00f3grafo de Gases para an\u00e1lisis de corrientes ricas en hidr\u00f3geno<\/a><\/h3><div class=\"ultp-block-excerpt\">2008<\/div><\/div><\/div><\/div><\/div><div class=\"ultp-block-item post-id-3949\"><div class=\"ultp-block-content-wrap ultp-block-content-overlay\"><div class=\"ultp-block-image ultp-block-image-zoomOut ultp-block-image-overlay ultp-block-image-flat\"><a href=\"https:\/\/creg.i3a.es\/es\/sistema-compacto-de-analisis-por-cromatografia-gaseosa\/\" ><img decoding=\"async\"  alt=\"Sistema compacto de an\u00e1lisis por cromatograf\u00eda gaseosa\"  src=\"https:\/\/creg.i3a.es\/wp-content\/uploads\/2023\/09\/Fondo-proyecto-870x570.png\" \/><\/a><\/div><div class=\"ultp-block-content ultp-block-content-middlePosition\"><div class=\"ultp-block-content-inner\"><h3 class=\"ultp-block-title\"><a href=\"https:\/\/creg.i3a.es\/es\/sistema-compacto-de-analisis-por-cromatografia-gaseosa\/\" >Sistema compacto de an\u00e1lisis por cromatograf\u00eda gaseosa<\/a><\/h3><div class=\"ultp-block-excerpt\">2004<\/div><\/div><\/div><\/div><\/div><div class=\"ultp-block-item post-id-3946\"><div class=\"ultp-block-content-wrap ultp-block-content-overlay\"><div class=\"ultp-block-image ultp-block-image-zoomOut ultp-block-image-overlay ultp-block-image-flat\"><a href=\"https:\/\/creg.i3a.es\/es\/catalytic-materials\/\" ><img decoding=\"async\"  alt=\"Catalytic Materials\"  src=\"https:\/\/creg.i3a.es\/wp-content\/uploads\/2023\/09\/Fondo-proyecto-870x570.png\" \/><\/a><\/div><div class=\"ultp-block-content ultp-block-content-middlePosition\"><div class=\"ultp-block-content-inner\"><h3 class=\"ultp-block-title\"><a href=\"https:\/\/creg.i3a.es\/es\/catalytic-materials\/\" >Materiales Catal\u00edticos<\/a><\/h3><div class=\"ultp-block-excerpt\">2002-2003<\/div><\/div><\/div><\/div><\/div><div class=\"ultp-block-item post-id-3944\"><div class=\"ultp-block-content-wrap ultp-block-content-overlay\"><div class=\"ultp-block-image ultp-block-image-zoomOut ultp-block-image-overlay ultp-block-image-flat\"><a href=\"https:\/\/creg.i3a.es\/es\/estudio-de-procesos-combinados-para-la-recuperacion-y-o-eliminacion-de-compuestos-organicos-volatiles-covs-vertidos-en-agua-y-atmosfera\/\" ><img decoding=\"async\"  alt=\"Estudio de procesos combinados para la recuperaci\u00f3n y\/o eliminaci\u00f3n de compuestos org\u00e1nicos vol\u00e1tiles (COVs) vertidos en agua y atm\u00f3sfera\"  src=\"https:\/\/creg.i3a.es\/wp-content\/uploads\/2023\/09\/Fondo-proyecto-870x570.png\" \/><\/a><\/div><div class=\"ultp-block-content ultp-block-content-middlePosition\"><div class=\"ultp-block-content-inner\"><h3 class=\"ultp-block-title\"><a href=\"https:\/\/creg.i3a.es\/es\/estudio-de-procesos-combinados-para-la-recuperacion-y-o-eliminacion-de-compuestos-organicos-volatiles-covs-vertidos-en-agua-y-atmosfera\/\" >Estudio de procesos combinados para la recuperaci\u00f3n y\/o eliminaci\u00f3n de compuestos org\u00e1nicos vol\u00e1tiles (COVs) vertidos en agua y atm\u00f3sfera<\/a><\/h3><div class=\"ultp-block-excerpt\">2001-2002<\/div><\/div><\/div><\/div><\/div><div class=\"ultp-block-item post-id-3941\"><div class=\"ultp-block-content-wrap ultp-block-content-overlay\"><div class=\"ultp-block-image ultp-block-image-zoomOut ultp-block-image-overlay ultp-block-image-flat\"><a href=\"https:\/\/creg.i3a.es\/es\/combustion-total-de-metano-sobre-oxidos-metalicos-en-reactores-de-membrana-catalitica\/\" ><img decoding=\"async\"  alt=\"Total combustion of methane on metal oxides in catalytic membrane reactors\"  src=\"https:\/\/creg.i3a.es\/wp-content\/uploads\/2023\/09\/Fondo-proyecto-870x570.png\" \/><\/a><\/div><div class=\"ultp-block-content ultp-block-content-middlePosition\"><div class=\"ultp-block-content-inner\"><h3 class=\"ultp-block-title\"><a href=\"https:\/\/creg.i3a.es\/es\/combustion-total-de-metano-sobre-oxidos-metalicos-en-reactores-de-membrana-catalitica\/\" >Combusti\u00f3n total de metano sobre \u00f3xidos met\u00e1licos en reactores de membrana catal\u00edtica<\/a><\/h3><div class=\"ultp-block-excerpt\">2000-2001<\/div><\/div><\/div><\/div><\/div><div class=\"ultp-block-item post-id-3935\"><div class=\"ultp-block-content-wrap ultp-block-content-overlay\"><div class=\"ultp-block-image ultp-block-image-zoomOut ultp-block-image-overlay ultp-block-image-flat\"><a href=\"https:\/\/creg.i3a.es\/es\/reactor-redox-de-lecho-fluidizado-unico-para-la-oxidacion-selectiva-de-hidrocarburos\/\" ><img decoding=\"async\"  alt=\"Oxidation of hydrocarbons in an in situ redox fluidized bed reactor\"  src=\"https:\/\/creg.i3a.es\/wp-content\/uploads\/2023\/09\/Fondo-proyecto-870x570.png\" \/><\/a><\/div><div class=\"ultp-block-content ultp-block-content-middlePosition\"><div class=\"ultp-block-content-inner\"><h3 class=\"ultp-block-title\"><a href=\"https:\/\/creg.i3a.es\/es\/reactor-redox-de-lecho-fluidizado-unico-para-la-oxidacion-selectiva-de-hidrocarburos\/\" >Reactor redox de lecho fluidizado \u00fanico para la oxidaci\u00f3n selectiva de hidrocarburos<\/a><\/h3><div class=\"ultp-block-excerpt\">1995-1996<\/div><\/div><\/div><\/div><\/div><\/div><\/div><div class=\"pagination-block-html\" aria-hidden=\"true\" style=\"display: none;\"><\/div><\/div>","protected":false},"excerpt":{"rendered":"","protected":false},"author":1,"featured_media":0,"parent":0,"menu_order":0,"comment_status":"closed","ping_status":"closed","template":"","meta":{"footnotes":""},"class_list":["post-3537","page","type-page","status-publish"],"_links":{"self":[{"href":"https:\/\/creg.i3a.es\/es\/wp-json\/wp\/v2\/pages\/3537","targetHints":{"allow":["GET"]}}],"collection":[{"href":"https:\/\/creg.i3a.es\/es\/wp-json\/wp\/v2\/pages"}],"about":[{"href":"https:\/\/creg.i3a.es\/es\/wp-json\/wp\/v2\/types\/page"}],"author":[{"embeddable":true,"href":"https:\/\/creg.i3a.es\/es\/wp-json\/wp\/v2\/users\/1"}],"replies":[{"embeddable":true,"href":"https:\/\/creg.i3a.es\/es\/wp-json\/wp\/v2\/comments?post=3537"}],"version-history":[{"count":7,"href":"https:\/\/creg.i3a.es\/es\/wp-json\/wp\/v2\/pages\/3537\/revisions"}],"predecessor-version":[{"id":4661,"href":"https:\/\/creg.i3a.es\/es\/wp-json\/wp\/v2\/pages\/3537\/revisions\/4661"}],"wp:attachment":[{"href":"https:\/\/creg.i3a.es\/es\/wp-json\/wp\/v2\/media?parent=3537"}],"curies":[{"name":"wp","href":"https:\/\/api.w.org\/{rel}","templated":true}]}}