{"id":3560,"date":"2022-04-05T09:49:50","date_gmt":"2022-04-05T07:49:50","guid":{"rendered":"https:\/\/wppruebas.i3a.es\/?page_id=3560"},"modified":"2023-10-23T14:52:35","modified_gmt":"2023-10-23T12:52:35","slug":"laboratories","status":"publish","type":"page","link":"https:\/\/creg.i3a.es\/es\/laboratories\/","title":{"rendered":"Laboratorios"},"content":{"rendered":"<div id=\"pl-gb3560-69e8155a8ccba\"  class=\"panel-layout\" ><div id=\"pg-gb3560-69e8155a8ccba-0\"  class=\"panel-grid panel-has-style\" ><div class=\"siteorigin-panels-stretch panel-row-style panel-row-style-for-gb3560-69e8155a8ccba-0\" data-stretch-type=\"full-width-stretch\" ><div id=\"pgc-gb3560-69e8155a8ccba-0-0\"  class=\"panel-grid-cell\" ><div id=\"panel-gb3560-69e8155a8ccba-0-0-0\" class=\"so-panel widget widget_sow-hero panel-first-child panel-last-child\" data-index=\"0\" ><div\n\t\t\t\n\t\t\tclass=\"so-widget-sow-hero so-widget-sow-hero-default-277c047652f8-3560 so-widget-fittext-wrapper\"\n\t\t\t data-fit-text-compressor=\"0.85\"\n\t\t>\t\t\t\t<div class=\"sow-slider-base\" style=\"display: none\" tabindex=\"0\">\n\t\t\t\t\t<ul\n\t\t\t\t\tclass=\"sow-slider-images\"\n\t\t\t\t\tdata-settings=\"{&quot;pagination&quot;:true,&quot;speed&quot;:800,&quot;timeout&quot;:8000,&quot;paused&quot;:false,&quot;pause_on_hover&quot;:false,&quot;swipe&quot;:true,&quot;nav_always_show_desktop&quot;:&quot;&quot;,&quot;nav_always_show_mobile&quot;:&quot;&quot;,&quot;breakpoint&quot;:&quot;780px&quot;,&quot;unmute&quot;:false,&quot;anchor&quot;:null}\"\n\t\t\t\t\t\t\t\t\t\tdata-anchor-id=\"\"\n\t\t\t\t>\t\t<li class=\"sow-slider-image  sow-slider-image-cover\" style=\"visibility: visible;;background-color: #333333;background-image: url(https:\/\/creg.i3a.es\/wp-content\/uploads\/2023\/09\/fondo-creg-scaled.jpg)\" >\n\t\t\t\t\t<div class=\"sow-slider-image-container\">\n\t\t\t<div class=\"sow-slider-image-wrapper\">\n\t\t\t\t<h1 style=\"text-align: center\"><strong>Laboratorios<\/strong><\/h1>\t\t\t<\/div>\n\t\t<\/div>\n\t\t\t\t<\/li>\n\t\t<\/ul>\t\t\t\t<ol class=\"sow-slider-pagination\">\n\t\t\t\t\t\t\t\t\t\t\t<li><a href=\"#\" data-goto=\"0\" aria-label=\"mostrar diapositiva 1\"><\/a><\/li>\n\t\t\t\t\t\t\t\t\t<\/ol>\n\n\t\t\t\t<div class=\"sow-slide-nav sow-slide-nav-next\">\n\t\t\t\t\t<a href=\"#\" data-goto=\"next\" aria-label=\"diapositiva siguiente\" data-action=\"next\">\n\t\t\t\t\t\t<em class=\"sow-sld-icon-thin-right\"><\/em>\n\t\t\t\t\t<\/a>\n\t\t\t\t<\/div>\n\n\t\t\t\t<div class=\"sow-slide-nav sow-slide-nav-prev\">\n\t\t\t\t\t<a href=\"#\" data-goto=\"previous\" aria-label=\"diapositiva anterior\" data-action=\"prev\">\n\t\t\t\t\t\t<em class=\"sow-sld-icon-thin-left\"><\/em>\n\t\t\t\t\t<\/a>\n\t\t\t\t<\/div>\n\t\t\t\t<\/div><\/div><\/div><\/div><\/div><\/div><\/div>\n\n<div id=\"pl-gb3560-69e8155a8e72f\"  class=\"panel-layout\" ><div id=\"pg-gb3560-69e8155a8e72f-0\"  class=\"panel-grid panel-no-style\" ><div id=\"pgc-gb3560-69e8155a8e72f-0-0\"  class=\"panel-grid-cell\" ><div id=\"panel-gb3560-69e8155a8e72f-0-0-0\" class=\"so-panel widget widget_sow-headline panel-first-child panel-last-child\" data-index=\"0\" ><div\n\t\t\t\n\t\t\tclass=\"so-widget-sow-headline so-widget-sow-headline-default-21d3dbfbc350-3560\"\n\t\t\t\n\t\t><div class=\"sow-headline-container\">\n\t\t\t\t\t\t\t<h2 class=\"sow-headline\">\n\t\t\t\t\t\tLaboratorio de Tecnolog\u00edas del Hidr\u00f3geno\t\t\t\t\t\t<\/h2>\n\t\t\t\t\t\t\t\t\t\t\t<div class=\"decoration\">\n\t\t\t\t\t\t<div class=\"decoration-inside\"><\/div>\n\t\t\t\t\t<\/div>\n\t\t\t\t\t<\/div>\n<\/div><\/div><\/div><\/div><div id=\"pg-gb3560-69e8155a8e72f-1\"  class=\"panel-grid panel-no-style\" ><div id=\"pgc-gb3560-69e8155a8e72f-1-0\"  class=\"panel-grid-cell\" ><div class=\"panel-cell-style panel-cell-style-for-gb3560-69e8155a8e72f-1-0\" ><div id=\"panel-gb3560-69e8155a8e72f-1-0-0\" class=\"so-panel widget widget_sow-image panel-first-child\" data-index=\"1\" ><div\n\t\t\t\n\t\t\tclass=\"so-widget-sow-image so-widget-sow-image-default-8b5b6f678277-3560\"\n\t\t\t\n\t\t>\n<div class=\"sow-image-container\">\n\t\t<img \n\tsrc=\"https:\/\/creg.i3a.es\/wp-content\/uploads\/2023\/10\/IMG_20230927_163546_1-scaled.jpg\" width=\"2560\" height=\"1408\" srcset=\"https:\/\/creg.i3a.es\/wp-content\/uploads\/2023\/10\/IMG_20230927_163546_1-scaled.jpg 2560w, https:\/\/creg.i3a.es\/wp-content\/uploads\/2023\/10\/IMG_20230927_163546_1-300x165.jpg 300w, https:\/\/creg.i3a.es\/wp-content\/uploads\/2023\/10\/IMG_20230927_163546_1-1024x563.jpg 1024w, https:\/\/creg.i3a.es\/wp-content\/uploads\/2023\/10\/IMG_20230927_163546_1-768x423.jpg 768w, https:\/\/creg.i3a.es\/wp-content\/uploads\/2023\/10\/IMG_20230927_163546_1-1536x845.jpg 1536w, https:\/\/creg.i3a.es\/wp-content\/uploads\/2023\/10\/IMG_20230927_163546_1-2048x1127.jpg 2048w, https:\/\/creg.i3a.es\/wp-content\/uploads\/2023\/10\/IMG_20230927_163546_1-18x10.jpg 18w\" sizes=\"(max-width: 2560px) 100vw, 2560px\" title=\"IMG_20230927_163546_1\" alt=\"\" \t\tclass=\"so-widget-image\"\/>\n\t<\/div>\n\n<\/div><\/div><div id=\"panel-gb3560-69e8155a8e72f-1-0-1\" class=\"so-panel widget widget_sow-editor panel-last-child\" data-index=\"2\" ><div\n\t\t\t\n\t\t\tclass=\"so-widget-sow-editor so-widget-sow-editor-base\"\n\t\t\t\n\t\t>\n<div class=\"siteorigin-widget-tinymce textwidget\">\n\t<h4 style=\"text-align: center;\">Termobalanza de An\u00e1lisis Simult\u00e1neo<br \/>\nNetzsch STA 449F3 Jupiter<\/h4>\n<\/div>\n<\/div><\/div><\/div><\/div><div id=\"pgc-gb3560-69e8155a8e72f-1-1\"  class=\"panel-grid-cell\" ><div class=\"panel-cell-style panel-cell-style-for-gb3560-69e8155a8e72f-1-1\" ><div id=\"panel-gb3560-69e8155a8e72f-1-1-0\" class=\"so-panel widget widget_sow-image panel-first-child\" data-index=\"3\" ><div\n\t\t\t\n\t\t\tclass=\"so-widget-sow-image so-widget-sow-image-default-8b5b6f678277-3560\"\n\t\t\t\n\t\t>\n<div class=\"sow-image-container\">\n\t\t<img \n\tsrc=\"https:\/\/creg.i3a.es\/wp-content\/uploads\/2023\/10\/IMG_20230927_163505_1-scaled.jpg\" width=\"2560\" height=\"1408\" srcset=\"https:\/\/creg.i3a.es\/wp-content\/uploads\/2023\/10\/IMG_20230927_163505_1-scaled.jpg 2560w, https:\/\/creg.i3a.es\/wp-content\/uploads\/2023\/10\/IMG_20230927_163505_1-300x165.jpg 300w, https:\/\/creg.i3a.es\/wp-content\/uploads\/2023\/10\/IMG_20230927_163505_1-1024x563.jpg 1024w, https:\/\/creg.i3a.es\/wp-content\/uploads\/2023\/10\/IMG_20230927_163505_1-768x422.jpg 768w, https:\/\/creg.i3a.es\/wp-content\/uploads\/2023\/10\/IMG_20230927_163505_1-1536x845.jpg 1536w, https:\/\/creg.i3a.es\/wp-content\/uploads\/2023\/10\/IMG_20230927_163505_1-2048x1126.jpg 2048w, https:\/\/creg.i3a.es\/wp-content\/uploads\/2023\/10\/IMG_20230927_163505_1-18x10.jpg 18w\" sizes=\"(max-width: 2560px) 100vw, 2560px\" title=\"IMG_20230927_163505_1\" alt=\"\" \t\tclass=\"so-widget-image\"\/>\n\t<\/div>\n\n<\/div><\/div><div id=\"panel-gb3560-69e8155a8e72f-1-1-1\" class=\"so-panel widget widget_sow-editor panel-last-child\" data-index=\"4\" ><div\n\t\t\t\n\t\t\tclass=\"so-widget-sow-editor so-widget-sow-editor-base\"\n\t\t\t\n\t\t>\n<div class=\"siteorigin-widget-tinymce textwidget\">\n\t<h4 style=\"text-align: center;\">Reactor de L\u00edquidos a Presi\u00f3n B\u00fcchiglasuster<br \/>\ncon FTIR Bruker Matrix-MF<\/h4>\n<\/div>\n<\/div><\/div><\/div><\/div><\/div><div id=\"pg-gb3560-69e8155a8e72f-2\"  class=\"panel-grid panel-no-style\" ><div id=\"pgc-gb3560-69e8155a8e72f-2-0\"  class=\"panel-grid-cell\" ><div class=\"panel-cell-style panel-cell-style-for-gb3560-69e8155a8e72f-2-0\" ><div id=\"panel-gb3560-69e8155a8e72f-2-0-0\" class=\"so-panel widget widget_sow-image panel-first-child\" data-index=\"5\" ><div\n\t\t\t\n\t\t\tclass=\"so-widget-sow-image so-widget-sow-image-default-8b5b6f678277-3560\"\n\t\t\t\n\t\t>\n<div class=\"sow-image-container\">\n\t\t<img \n\tsrc=\"https:\/\/creg.i3a.es\/wp-content\/uploads\/2023\/10\/Lab-Hidrogeno3-scaled.jpg\" width=\"2560\" height=\"1408\" srcset=\"https:\/\/creg.i3a.es\/wp-content\/uploads\/2023\/10\/Lab-Hidrogeno3-scaled.jpg 2560w, https:\/\/creg.i3a.es\/wp-content\/uploads\/2023\/10\/Lab-Hidrogeno3-300x165.jpg 300w, https:\/\/creg.i3a.es\/wp-content\/uploads\/2023\/10\/Lab-Hidrogeno3-1024x563.jpg 1024w, https:\/\/creg.i3a.es\/wp-content\/uploads\/2023\/10\/Lab-Hidrogeno3-768x422.jpg 768w, https:\/\/creg.i3a.es\/wp-content\/uploads\/2023\/10\/Lab-Hidrogeno3-1536x845.jpg 1536w, https:\/\/creg.i3a.es\/wp-content\/uploads\/2023\/10\/Lab-Hidrogeno3-2048x1127.jpg 2048w, https:\/\/creg.i3a.es\/wp-content\/uploads\/2023\/10\/Lab-Hidrogeno3-18x10.jpg 18w\" sizes=\"(max-width: 2560px) 100vw, 2560px\" title=\"Lab Hidr\u00f3geno3\" alt=\"\" \t\tclass=\"so-widget-image\"\/>\n\t<\/div>\n\n<\/div><\/div><div id=\"panel-gb3560-69e8155a8e72f-2-0-1\" class=\"so-panel widget widget_sow-editor panel-last-child\" data-index=\"6\" ><div\n\t\t\t\n\t\t\tclass=\"so-widget-sow-editor so-widget-sow-editor-base\"\n\t\t\t\n\t\t>\n<div class=\"siteorigin-widget-tinymce textwidget\">\n\t<h4 style=\"text-align: center;\">Planta Piloto con reactor de Lecho Fijo<\/h4>\n<\/div>\n<\/div><\/div><\/div><\/div><div id=\"pgc-gb3560-69e8155a8e72f-2-1\"  class=\"panel-grid-cell\" ><div class=\"panel-cell-style panel-cell-style-for-gb3560-69e8155a8e72f-2-1\" ><div id=\"panel-gb3560-69e8155a8e72f-2-1-0\" class=\"so-panel widget widget_sow-image panel-first-child\" data-index=\"7\" ><div\n\t\t\t\n\t\t\tclass=\"so-widget-sow-image so-widget-sow-image-default-8b5b6f678277-3560\"\n\t\t\t\n\t\t>\n<div class=\"sow-image-container\">\n\t\t<img \n\tsrc=\"https:\/\/creg.i3a.es\/wp-content\/uploads\/2023\/10\/lab-hidrogeno4-scaled.jpg\" width=\"2560\" height=\"1408\" srcset=\"https:\/\/creg.i3a.es\/wp-content\/uploads\/2023\/10\/lab-hidrogeno4-scaled.jpg 2560w, https:\/\/creg.i3a.es\/wp-content\/uploads\/2023\/10\/lab-hidrogeno4-300x165.jpg 300w, https:\/\/creg.i3a.es\/wp-content\/uploads\/2023\/10\/lab-hidrogeno4-1024x563.jpg 1024w, https:\/\/creg.i3a.es\/wp-content\/uploads\/2023\/10\/lab-hidrogeno4-768x423.jpg 768w, https:\/\/creg.i3a.es\/wp-content\/uploads\/2023\/10\/lab-hidrogeno4-1536x845.jpg 1536w, https:\/\/creg.i3a.es\/wp-content\/uploads\/2023\/10\/lab-hidrogeno4-2048x1127.jpg 2048w, https:\/\/creg.i3a.es\/wp-content\/uploads\/2023\/10\/lab-hidrogeno4-18x10.jpg 18w\" sizes=\"(max-width: 2560px) 100vw, 2560px\" title=\"lab hidr\u00f3geno4\" alt=\"\" \t\tclass=\"so-widget-image\"\/>\n\t<\/div>\n\n<\/div><\/div><div id=\"panel-gb3560-69e8155a8e72f-2-1-1\" class=\"so-panel widget widget_sow-editor panel-last-child\" data-index=\"8\" ><div\n\t\t\t\n\t\t\tclass=\"so-widget-sow-editor so-widget-sow-editor-base\"\n\t\t\t\n\t\t>\n<div class=\"siteorigin-widget-tinymce textwidget\">\n\t<h4 style=\"text-align: center;\">Polytropic FBR Pilot Plant<\/h4>\n<\/div>\n<\/div><\/div><\/div><\/div><\/div><div id=\"pg-gb3560-69e8155a8e72f-3\"  class=\"panel-grid panel-no-style\" ><div id=\"pgc-gb3560-69e8155a8e72f-3-0\"  class=\"panel-grid-cell\" ><div id=\"panel-gb3560-69e8155a8e72f-3-0-0\" class=\"so-panel widget widget_sow-headline panel-first-child panel-last-child\" data-index=\"9\" ><div\n\t\t\t\n\t\t\tclass=\"so-widget-sow-headline so-widget-sow-headline-default-21d3dbfbc350-3560\"\n\t\t\t\n\t\t><div class=\"sow-headline-container\">\n\t\t\t\t\t\t\t<h2 class=\"sow-headline\">\n\t\t\t\t\t\tLaboratorio de Reactores\t\t\t\t\t\t<\/h2>\n\t\t\t\t\t\t\t\t\t\t\t<div class=\"decoration\">\n\t\t\t\t\t\t<div class=\"decoration-inside\"><\/div>\n\t\t\t\t\t<\/div>\n\t\t\t\t\t<\/div>\n<\/div><\/div><\/div><\/div><div id=\"pg-gb3560-69e8155a8e72f-4\"  class=\"panel-grid panel-no-style\" ><div id=\"pgc-gb3560-69e8155a8e72f-4-0\"  class=\"panel-grid-cell\" ><div class=\"panel-cell-style panel-cell-style-for-gb3560-69e8155a8e72f-4-0\" ><div id=\"panel-gb3560-69e8155a8e72f-4-0-0\" class=\"so-panel widget widget_sow-image panel-first-child\" data-index=\"10\" ><div\n\t\t\t\n\t\t\tclass=\"so-widget-sow-image so-widget-sow-image-default-8b5b6f678277-3560\"\n\t\t\t\n\t\t>\n<div class=\"sow-image-container\">\n\t\t<img \n\tsrc=\"https:\/\/creg.i3a.es\/wp-content\/uploads\/2023\/09\/20230921_113722-scaled-e1695820988272.jpg\" width=\"1920\" height=\"2560\" srcset=\"https:\/\/creg.i3a.es\/wp-content\/uploads\/2023\/09\/20230921_113722-scaled-e1695820988272.jpg 1920w, https:\/\/creg.i3a.es\/wp-content\/uploads\/2023\/09\/20230921_113722-scaled-e1695820988272-225x300.jpg 225w, https:\/\/creg.i3a.es\/wp-content\/uploads\/2023\/09\/20230921_113722-scaled-e1695820988272-768x1024.jpg 768w, https:\/\/creg.i3a.es\/wp-content\/uploads\/2023\/09\/20230921_113722-scaled-e1695820988272-1152x1536.jpg 1152w, https:\/\/creg.i3a.es\/wp-content\/uploads\/2023\/09\/20230921_113722-scaled-e1695820988272-1536x2048.jpg 1536w, https:\/\/creg.i3a.es\/wp-content\/uploads\/2023\/09\/20230921_113722-scaled-e1695820988272-9x12.jpg 9w\" sizes=\"(max-width: 1920px) 100vw, 1920px\" title=\"20230921_113722\" alt=\"\" \t\tclass=\"so-widget-image\"\/>\n\t<\/div>\n\n<\/div><\/div><div id=\"panel-gb3560-69e8155a8e72f-4-0-1\" class=\"so-panel widget widget_sow-editor panel-last-child\" data-index=\"11\" ><div\n\t\t\t\n\t\t\tclass=\"so-widget-sow-editor so-widget-sow-editor-base\"\n\t\t\t\n\t\t>\n<div class=\"siteorigin-widget-tinymce textwidget\">\n\t<h4 style=\"text-align: center;\" class=\"translation-block\">Sistema de sorci\u00f3n<br> Autosorb IQ3<\/h4>\n<\/div>\n<\/div><\/div><\/div><\/div><div id=\"pgc-gb3560-69e8155a8e72f-4-1\"  class=\"panel-grid-cell\" ><div class=\"panel-cell-style panel-cell-style-for-gb3560-69e8155a8e72f-4-1\" ><div id=\"panel-gb3560-69e8155a8e72f-4-1-0\" class=\"so-panel widget widget_sow-image panel-first-child\" data-index=\"12\" ><div\n\t\t\t\n\t\t\tclass=\"so-widget-sow-image so-widget-sow-image-default-8b5b6f678277-3560\"\n\t\t\t\n\t\t>\n<div class=\"sow-image-container\">\n\t\t<img \n\tsrc=\"https:\/\/creg.i3a.es\/wp-content\/uploads\/2023\/10\/20231023_091953-scaled.jpg\" width=\"1920\" height=\"2560\" srcset=\"https:\/\/creg.i3a.es\/wp-content\/uploads\/2023\/10\/20231023_091953-scaled.jpg 1920w, https:\/\/creg.i3a.es\/wp-content\/uploads\/2023\/10\/20231023_091953-225x300.jpg 225w, https:\/\/creg.i3a.es\/wp-content\/uploads\/2023\/10\/20231023_091953-768x1024.jpg 768w, https:\/\/creg.i3a.es\/wp-content\/uploads\/2023\/10\/20231023_091953-1152x1536.jpg 1152w, https:\/\/creg.i3a.es\/wp-content\/uploads\/2023\/10\/20231023_091953-1536x2048.jpg 1536w, https:\/\/creg.i3a.es\/wp-content\/uploads\/2023\/10\/20231023_091953-9x12.jpg 9w\" sizes=\"(max-width: 1920px) 100vw, 1920px\" title=\"20231023_091953\" alt=\"\" \t\tclass=\"so-widget-image\"\/>\n\t<\/div>\n\n<\/div><\/div><div id=\"panel-gb3560-69e8155a8e72f-4-1-1\" class=\"so-panel widget widget_sow-editor panel-last-child\" data-index=\"13\" ><div\n\t\t\t\n\t\t\tclass=\"so-widget-sow-editor so-widget-sow-editor-base\"\n\t\t\t\n\t\t>\n<div class=\"siteorigin-widget-tinymce textwidget\">\n\t<h4 style=\"text-align: center;\">Cromatografo de Gases-Masas Shimadzu\nGS-MS-QP2010 Ultra<\/h4>\n<\/div>\n<\/div><\/div><\/div><\/div><div id=\"pgc-gb3560-69e8155a8e72f-4-2\"  class=\"panel-grid-cell\" ><div class=\"panel-cell-style panel-cell-style-for-gb3560-69e8155a8e72f-4-2\" ><div id=\"panel-gb3560-69e8155a8e72f-4-2-0\" class=\"so-panel widget widget_sow-image panel-first-child\" data-index=\"14\" ><div\n\t\t\t\n\t\t\tclass=\"so-widget-sow-image so-widget-sow-image-default-8b5b6f678277-3560\"\n\t\t\t\n\t\t>\n<div class=\"sow-image-container\">\n\t\t<img \n\tsrc=\"https:\/\/creg.i3a.es\/wp-content\/uploads\/2023\/09\/20230921_113515-scaled-e1695824726895.jpg\" width=\"1920\" height=\"2560\" srcset=\"https:\/\/creg.i3a.es\/wp-content\/uploads\/2023\/09\/20230921_113515-scaled-e1695824726895.jpg 1920w, https:\/\/creg.i3a.es\/wp-content\/uploads\/2023\/09\/20230921_113515-scaled-e1695824726895-225x300.jpg 225w, https:\/\/creg.i3a.es\/wp-content\/uploads\/2023\/09\/20230921_113515-scaled-e1695824726895-768x1024.jpg 768w, https:\/\/creg.i3a.es\/wp-content\/uploads\/2023\/09\/20230921_113515-scaled-e1695824726895-1152x1536.jpg 1152w, https:\/\/creg.i3a.es\/wp-content\/uploads\/2023\/09\/20230921_113515-scaled-e1695824726895-1536x2048.jpg 1536w, https:\/\/creg.i3a.es\/wp-content\/uploads\/2023\/09\/20230921_113515-scaled-e1695824726895-9x12.jpg 9w\" sizes=\"(max-width: 1920px) 100vw, 1920px\" title=\"20230921_113515\" alt=\"\" \t\tclass=\"so-widget-image\"\/>\n\t<\/div>\n\n<\/div><\/div><div id=\"panel-gb3560-69e8155a8e72f-4-2-1\" class=\"so-panel widget widget_sow-editor panel-last-child\" data-index=\"15\" ><div\n\t\t\t\n\t\t\tclass=\"so-widget-sow-editor so-widget-sow-editor-base\"\n\t\t\t\n\t\t>\n<div class=\"siteorigin-widget-tinymce textwidget\">\n\t<h4 style=\"text-align: center;\" class=\"translation-block\">Planta de pulsos con seguimiento en espectrometro de masas<\/h4>\n<\/div>\n<\/div><\/div><\/div><\/div><\/div><div id=\"pg-gb3560-69e8155a8e72f-5\"  class=\"panel-grid panel-no-style\" ><div id=\"pgc-gb3560-69e8155a8e72f-5-0\"  class=\"panel-grid-cell\" ><div id=\"panel-gb3560-69e8155a8e72f-5-0-0\" class=\"so-panel widget widget_sow-headline panel-first-child panel-last-child\" data-index=\"16\" ><div\n\t\t\t\n\t\t\tclass=\"so-widget-sow-headline so-widget-sow-headline-default-21d3dbfbc350-3560\"\n\t\t\t\n\t\t><div class=\"sow-headline-container\">\n\t\t\t\t\t\t\t<h2 class=\"sow-headline\">\n\t\t\t\t\t\tLaboratorio de Econom\u00eda Circular\t\t\t\t\t\t<\/h2>\n\t\t\t\t\t\t\t\t\t\t\t<div class=\"decoration\">\n\t\t\t\t\t\t<div class=\"decoration-inside\"><\/div>\n\t\t\t\t\t<\/div>\n\t\t\t\t\t<\/div>\n<\/div><\/div><\/div><\/div><div id=\"pg-gb3560-69e8155a8e72f-6\"  class=\"panel-grid panel-no-style\" ><div id=\"pgc-gb3560-69e8155a8e72f-6-0\"  class=\"panel-grid-cell\" ><div class=\"panel-cell-style panel-cell-style-for-gb3560-69e8155a8e72f-6-0\" ><div id=\"panel-gb3560-69e8155a8e72f-6-0-0\" class=\"so-panel widget widget_sow-image panel-first-child\" data-index=\"17\" ><div\n\t\t\t\n\t\t\tclass=\"so-widget-sow-image so-widget-sow-image-default-8b5b6f678277-3560\"\n\t\t\t\n\t\t>\n<div class=\"sow-image-container\">\n\t\t<img \n\tsrc=\"https:\/\/creg.i3a.es\/wp-content\/uploads\/2023\/10\/20230921_114130_OK-scaled.jpg\" width=\"2560\" height=\"1536\" srcset=\"https:\/\/creg.i3a.es\/wp-content\/uploads\/2023\/10\/20230921_114130_OK-scaled.jpg 2560w, https:\/\/creg.i3a.es\/wp-content\/uploads\/2023\/10\/20230921_114130_OK-300x180.jpg 300w, https:\/\/creg.i3a.es\/wp-content\/uploads\/2023\/10\/20230921_114130_OK-1024x615.jpg 1024w, https:\/\/creg.i3a.es\/wp-content\/uploads\/2023\/10\/20230921_114130_OK-768x461.jpg 768w, https:\/\/creg.i3a.es\/wp-content\/uploads\/2023\/10\/20230921_114130_OK-1536x922.jpg 1536w, https:\/\/creg.i3a.es\/wp-content\/uploads\/2023\/10\/20230921_114130_OK-2048x1229.jpg 2048w, https:\/\/creg.i3a.es\/wp-content\/uploads\/2023\/10\/20230921_114130_OK-18x12.jpg 18w\" sizes=\"(max-width: 2560px) 100vw, 2560px\" title=\"20230921_114130_OK\" alt=\"\" \t\tclass=\"so-widget-image\"\/>\n\t<\/div>\n\n<\/div><\/div><div id=\"panel-gb3560-69e8155a8e72f-6-0-1\" class=\"so-panel widget widget_sow-editor panel-last-child\" data-index=\"18\" ><div\n\t\t\t\n\t\t\tclass=\"so-widget-sow-editor so-widget-sow-editor-base\"\n\t\t\t\n\t\t>\n<div class=\"siteorigin-widget-tinymce textwidget\">\n\t<h4 style=\"text-align: center;\">Planta Piloto de Destilaci\u00f3n con Membrana<\/h4>\n<\/div>\n<\/div><\/div><\/div><\/div><div id=\"pgc-gb3560-69e8155a8e72f-6-1\"  class=\"panel-grid-cell\" ><div class=\"panel-cell-style panel-cell-style-for-gb3560-69e8155a8e72f-6-1\" ><div id=\"panel-gb3560-69e8155a8e72f-6-1-0\" class=\"so-panel widget widget_sow-image panel-first-child\" data-index=\"19\" ><div\n\t\t\t\n\t\t\tclass=\"so-widget-sow-image so-widget-sow-image-default-8b5b6f678277-3560\"\n\t\t\t\n\t\t>\n<div class=\"sow-image-container\">\n\t\t<img \n\tsrc=\"https:\/\/creg.i3a.es\/wp-content\/uploads\/2023\/10\/20231023_103932_OK-scaled.jpg\" width=\"2560\" height=\"1536\" srcset=\"https:\/\/creg.i3a.es\/wp-content\/uploads\/2023\/10\/20231023_103932_OK-scaled.jpg 2560w, https:\/\/creg.i3a.es\/wp-content\/uploads\/2023\/10\/20231023_103932_OK-300x180.jpg 300w, https:\/\/creg.i3a.es\/wp-content\/uploads\/2023\/10\/20231023_103932_OK-1024x614.jpg 1024w, https:\/\/creg.i3a.es\/wp-content\/uploads\/2023\/10\/20231023_103932_OK-768x461.jpg 768w, https:\/\/creg.i3a.es\/wp-content\/uploads\/2023\/10\/20231023_103932_OK-1536x922.jpg 1536w, https:\/\/creg.i3a.es\/wp-content\/uploads\/2023\/10\/20231023_103932_OK-2048x1229.jpg 2048w, https:\/\/creg.i3a.es\/wp-content\/uploads\/2023\/10\/20231023_103932_OK-18x12.jpg 18w\" sizes=\"(max-width: 2560px) 100vw, 2560px\" title=\"20231023_103932_OK\" alt=\"\" \t\tclass=\"so-widget-image\"\/>\n\t<\/div>\n\n<\/div><\/div><div id=\"panel-gb3560-69e8155a8e72f-6-1-1\" class=\"so-panel widget widget_sow-editor panel-last-child\" data-index=\"20\" ><div\n\t\t\t\n\t\t\tclass=\"so-widget-sow-editor so-widget-sow-editor-base\"\n\t\t\t\n\t\t>\n<div class=\"siteorigin-widget-tinymce textwidget\">\n\t<h4 style=\"text-align: center;\">Poros\u00edmetro de mercurio micromeritics AutoPore IV<\/h4>\n<\/div>\n<\/div><\/div><\/div><\/div><\/div><\/div>","protected":false},"excerpt":{"rendered":"","protected":false},"author":1,"featured_media":0,"parent":0,"menu_order":0,"comment_status":"closed","ping_status":"closed","template":"","meta":{"footnotes":""},"class_list":["post-3560","page","type-page","status-publish"],"_links":{"self":[{"href":"https:\/\/creg.i3a.es\/es\/wp-json\/wp\/v2\/pages\/3560","targetHints":{"allow":["GET"]}}],"collection":[{"href":"https:\/\/creg.i3a.es\/es\/wp-json\/wp\/v2\/pages"}],"about":[{"href":"https:\/\/creg.i3a.es\/es\/wp-json\/wp\/v2\/types\/page"}],"author":[{"embeddable":true,"href":"https:\/\/creg.i3a.es\/es\/wp-json\/wp\/v2\/users\/1"}],"replies":[{"embeddable":true,"href":"https:\/\/creg.i3a.es\/es\/wp-json\/wp\/v2\/comments?post=3560"}],"version-history":[{"count":96,"href":"https:\/\/creg.i3a.es\/es\/wp-json\/wp\/v2\/pages\/3560\/revisions"}],"predecessor-version":[{"id":4892,"href":"https:\/\/creg.i3a.es\/es\/wp-json\/wp\/v2\/pages\/3560\/revisions\/4892"}],"wp:attachment":[{"href":"https:\/\/creg.i3a.es\/es\/wp-json\/wp\/v2\/media?parent=3560"}],"curies":[{"name":"wp","href":"https:\/\/api.w.org\/{rel}","templated":true}]}}